{"id":1892,"date":"2019-05-27T13:43:39","date_gmt":"2019-05-27T11:43:39","guid":{"rendered":"https:\/\/cuevaseltorriblanco.com\/ankunft-und-check-in\/"},"modified":"2025-09-05T10:30:25","modified_gmt":"2025-09-05T08:30:25","slug":"ankunft-und-check-in","status":"publish","type":"page","link":"https:\/\/cuevaseltorriblanco.com\/de\/ankunft-und-check-in\/","title":{"rendered":"Ankunft und Abfahrt"},"content":{"rendered":"<p>[et_pb_section fb_built=&#8220;1&#8243; admin_label=&#8220;Header&#8220; module_class=&#8220;seccion seccion-blog portada-blog&#8220; _builder_version=&#8220;4.16&#8243; background_color=&#8220;#ffc857&#8243; inner_width_tablet=&#8220;50px&#8220; inner_max_width_tablet=&#8220;50px&#8220; custom_padding=&#8220;2vw|0px|2vw|0px&#8220; z_index_tablet=&#8220;500&#8243; box_shadow_style=&#8220;preset3&#8243; box_shadow_horizontal=&#8220;2px&#8220; global_colors_info=&#8220;{}&#8220;][et_pb_row _builder_version=&#8220;4.16&#8243; global_colors_info=&#8220;{}&#8220;][et_pb_column type=&#8220;4_4&#8243; _builder_version=&#8220;4.16&#8243; custom_padding=&#8220;|||&#8220; global_colors_info=&#8220;{}&#8220; custom_padding__hover=&#8220;|||&#8220;][et_pb_text admin_label=&#8220;T\u00edtulo &#8220; _builder_version=&#8220;4.16&#8243; header_font=&#8220;Raleway|700|||||||&#8220; header_font_size=&#8220;80px&#8220; header_line_height=&#8220;1.2em&#8220; header_5_font=&#8220;Raleway|700||on|||||&#8220; header_5_text_color=&#8220;#000000&#8243; header_5_font_size=&#8220;20px&#8220; header_5_letter_spacing=&#8220;0.5em&#8220; header_5_line_height=&#8220;1.8em&#8220; header_font_size_tablet=&#8220;48px&#8220; header_font_size_phone=&#8220;32px&#8220; header_font_size_last_edited=&#8220;on|phone&#8220; header_5_font_size_tablet=&#8220;14px&#8220; header_5_font_size_phone=&#8220;12px&#8220; header_5_font_size_last_edited=&#8220;on|desktop&#8220; z_index_tablet=&#8220;500&#8243; global_colors_info=&#8220;{}&#8220;]<\/p>\n<h1>Ankunft und Abfahrt<\/h1>\n<p>[\/et_pb_text][et_pb_code _builder_version=&#8220;4.16&#8243; z_index_tablet=&#8220;500&#8243; global_colors_info=&#8220;{}&#8220;]<nav aria-label=\"breadcrumbs\" class=\"rank-math-breadcrumb\"><p><span class=\"last\">Inicio<\/span><\/p><\/nav>[\/et_pb_code][\/et_pb_column][\/et_pb_row][\/et_pb_section][et_pb_section fb_built=&#8220;1&#8243; admin_label=&#8220;Blog&#8220; module_class=&#8220;seccion seccion-blog contenido-blog&#8220; _builder_version=&#8220;4.16&#8243; background_color=&#8220;#ffffff&#8220; max_width=&#8220;100%&#8220; max_width_tablet=&#8220;&#8220; max_width_phone=&#8220;&#8220; max_width_last_edited=&#8220;on|desktop&#8220; inner_width_tablet=&#8220;50px&#8220; inner_max_width_tablet=&#8220;50px&#8220; z_index_tablet=&#8220;500&#8243; border_color_all=&#8220;#ffffff&#8220; border_width_left=&#8220;10vw&#8220; global_colors_info=&#8220;{}&#8220;][et_pb_row _builder_version=&#8220;4.16&#8243; global_colors_info=&#8220;{}&#8220;][et_pb_column type=&#8220;4_4&#8243; _builder_version=&#8220;4.16&#8243; custom_padding=&#8220;|||&#8220; global_colors_info=&#8220;{}&#8220; custom_padding__hover=&#8220;|||&#8220;][et_pb_text _builder_version=&#8220;4.16&#8243; z_index_tablet=&#8220;500&#8243; global_colors_info=&#8220;{}&#8220;]<\/p>\n<h2><strong>Ankunft und CHECK-IN<\/strong><\/h2>\n<p>Bitte teilen Sie uns Ihre ungef\u00e4hre Ankunftszeit sowie etwaige Versp\u00e4tungen oder \u00c4nderungen der voraussichtlichen Ankunftszeit mit, um Ihren Check-in zu planen. \u2028Die Kontaktperson wird Ihnen den Schl\u00fcssel geben und Ihnen alle Informationen geben, die Sie w\u00e4hrend Ihres Aufenthalts ben\u00f6tigen.<br \/>Ihre H\u00f6hle steht Ihnen am Anreisetag ab 16:00 Uhr und bis 22:00 Uhr f\u00fcr den Check-in zur Verf\u00fcgung.<br \/>Wenn Sie vor oder nach den f\u00fcr den Check-in verf\u00fcgbaren Zeiten eingeben m\u00fcssen, m\u00fcssen Sie per E-Mail oder Telefon kommunizieren an die Kontaktperson mindestens 3 Tage vor Anreise. Die Annahme oder Nichtannahme Ihrer Anfrage wird an dieselbe E-Mail-Adresse \u00fcbermittelt, \u00fcber die sie erfolgt ist.<\/p>\n<h2><strong>Abfahrt und CHECK-OUT<\/strong><\/h2>\n<p>Die Abfahrten sind von 10:00 bis 11:00 Uhr Wenn Sie sp\u00e4ter abreisen m\u00fcssen, teilen Sie dies bitte Ihrem Ansprechpartner zum Zeitpunkt der Reservierung mit.<br \/>Jede Abreise nach 11:00 Uhr wird mit dem vollen Preis pro Nacht berechnet. Der sp\u00e4te Check-out unterliegt immer der Verf\u00fcgbarkeit und Akzeptanz durch den Eigent\u00fcmer.<br \/>Bitte geben Sie die Schl\u00fcssels\u00e4tze an Ihre Kontaktperson weiter und stellen Sie sicher, dass Sie Ihr gesamtes Gep\u00e4ck haben.<br \/>[\/et_pb_text][\/et_pb_column][\/et_pb_row][\/et_pb_section]<\/p>\n","protected":false},"excerpt":{"rendered":"<p>Ankunft und Abfahrt<nav aria-label=\"breadcrumbs\" class=\"rank-math-breadcrumb\"><p><span class=\"last\">Inicio<\/span><\/p><\/nav>Ankunft und CHECK-INBitte teilen Sie uns Ihre ungef\u00e4hre Ankunftszeit sowie etwaige Versp\u00e4tungen oder \u00c4nderungen der voraussichtlichen Ankunftszeit mit, um Ihren Check-in zu planen. \u2028Die Kontaktperson wird Ihnen den Schl\u00fcssel geben und Ihnen alle Informationen geben, die Sie w\u00e4hrend Ihres Aufenthalts ben\u00f6tigen.Ihre H\u00f6hle steht Ihnen am Anreisetag ab 16:00 Uhr und bis 22:00 Uhr [&hellip;]<\/p>\n","protected":false},"author":1,"featured_media":0,"parent":0,"menu_order":0,"comment_status":"closed","ping_status":"closed","template":"","meta":{"_et_pb_use_builder":"on","_et_pb_old_content":"","_et_gb_content_width":"","footnotes":""},"class_list":["post-1892","page","type-page","status-publish","hentry"],"_links":{"self":[{"href":"https:\/\/cuevaseltorriblanco.com\/de\/wp-json\/wp\/v2\/pages\/1892","targetHints":{"allow":["GET"]}}],"collection":[{"href":"https:\/\/cuevaseltorriblanco.com\/de\/wp-json\/wp\/v2\/pages"}],"about":[{"href":"https:\/\/cuevaseltorriblanco.com\/de\/wp-json\/wp\/v2\/types\/page"}],"author":[{"embeddable":true,"href":"https:\/\/cuevaseltorriblanco.com\/de\/wp-json\/wp\/v2\/users\/1"}],"replies":[{"embeddable":true,"href":"https:\/\/cuevaseltorriblanco.com\/de\/wp-json\/wp\/v2\/comments?post=1892"}],"version-history":[{"count":0,"href":"https:\/\/cuevaseltorriblanco.com\/de\/wp-json\/wp\/v2\/pages\/1892\/revisions"}],"wp:attachment":[{"href":"https:\/\/cuevaseltorriblanco.com\/de\/wp-json\/wp\/v2\/media?parent=1892"}],"curies":[{"name":"wp","href":"https:\/\/api.w.org\/{rel}","templated":true}]}}