{"id":1896,"date":"2019-05-27T13:49:37","date_gmt":"2019-05-27T11:49:37","guid":{"rendered":"https:\/\/cuevaseltorriblanco.com\/hausregeln\/"},"modified":"2019-06-06T17:21:50","modified_gmt":"2019-06-06T15:21:50","slug":"hausregeln","status":"publish","type":"page","link":"https:\/\/cuevaseltorriblanco.com\/de\/hausregeln\/","title":{"rendered":"HAUSREGELN"},"content":{"rendered":"<p>[et_pb_section fb_built=&#8220;1&#8243; admin_label=&#8220;Header&#8220; module_class=&#8220;seccion seccion-blog portada-blog&#8220; _builder_version=&#8220;3.23.3&#8243; background_color=&#8220;#ffc857&#8243; background_color_gradient_direction_radial=&#8220;top left&#8220; box_shadow_style=&#8220;preset3&#8243; box_shadow_horizontal=&#8220;2px&#8220; inner_width_tablet=&#8220;50px&#8220; inner_max_width_tablet=&#8220;50px&#8220; custom_padding=&#8220;2vw|0px|2vw|0px&#8220; z_index_tablet=&#8220;500&#8243;][et_pb_row _builder_version=&#8220;3.23.3&#8243;][et_pb_column type=&#8220;4_4&#8243; _builder_version=&#8220;3.0.47&#8243;][et_pb_text admin_label=&#8220;T\u00edtulo &#8220; _builder_version=&#8220;3.23.3&#8243; header_font=&#8220;Raleway|700|||||||&#8220; header_font_size=&#8220;80px&#8220; header_line_height=&#8220;1.2em&#8220; header_5_font=&#8220;Raleway|700||on|||||&#8220; header_5_text_color=&#8220;#000000&#8243; header_5_font_size=&#8220;20px&#8220; header_5_letter_spacing=&#8220;0.5em&#8220; header_5_line_height=&#8220;1.8em&#8220; z_index_tablet=&#8220;500&#8243; header_font_size_tablet=&#8220;48px&#8220; header_font_size_phone=&#8220;32px&#8220; header_font_size_last_edited=&#8220;on|phone&#8220; header_5_font_size_tablet=&#8220;14px&#8220; header_5_font_size_phone=&#8220;12px&#8220; header_5_font_size_last_edited=&#8220;on|desktop&#8220;]<\/p>\n<h1>HAUSREGELN<\/h1>\n<p>[\/et_pb_text][et_pb_code _builder_version=&#8220;3.22.4&#8243; z_index_tablet=&#8220;500&#8243;]<nav aria-label=\"breadcrumbs\" class=\"rank-math-breadcrumb\"><p><span class=\"last\">Inicio<\/span><\/p><\/nav>[\/et_pb_code][\/et_pb_column][\/et_pb_row][\/et_pb_section][et_pb_section fb_built=&#8220;1&#8243; admin_label=&#8220;Blog&#8220; module_class=&#8220;seccion seccion-blog contenido-blog&#8220; _builder_version=&#8220;3.22.4&#8243; background_color=&#8220;#ffffff&#8220; border_color_all=&#8220;#ffffff&#8220; border_width_left=&#8220;10vw&#8220; max_width=&#8220;100%&#8220; max_width_last_edited=&#8220;on|desktop&#8220; inner_width_tablet=&#8220;50px&#8220; inner_max_width_tablet=&#8220;50px&#8220; z_index_tablet=&#8220;500&#8243;][et_pb_row _builder_version=&#8220;3.22.3&#8243;][et_pb_column type=&#8220;4_4&#8243; _builder_version=&#8220;3.0.47&#8243;][et_pb_text _builder_version=&#8220;3.22.4&#8243; z_index_tablet=&#8220;500&#8243;]Die Kunden finden das Haus in perfektem Zustand, die Einrichtungen sind sauber und alle Elemente funktionieren einwandfrei. Bei der Ankunft in dieser Einrichtung werden sie \u00fcber die Nutzungsbedingungen informiert und bei der Unterzeichnung des Registrierungsformulars akzeptiert.<\/p>\n<ul>\n<li>Kunden zahlen den Preis ihrer Unterkunft zum Zeitpunkt der Ankunft (in cash) und f\u00fcllen die vom Eigent\u00fcmer angeforderten Registrierungsformulare aus.<\/li>\n<li>Die Kunden werden die festgelegten Zeitpl\u00e4ne f\u00fcr die Besetzung und die Aufgabe des Hauses befolgen und die Eigent\u00fcmer in allen F\u00e4llen bez\u00fcglich der Fristen konsultieren.<\/li>\n<li>Das Geschirr und die Kochutensilien m\u00fcssen sauber und korrekt an der entsprechenden Stelle aufbewahrt werden.<\/li>\n<li>DIE EINRICHTUNGEN WERDEN IM PERFEKTEN GEBRAUCH BEIBEHALTEN, JEDES OBJEKT AN SEINEM ORIGINAL ORT. Im Falle eines Schadens wird dies den Inhabern des Hauses mitgeteilt.<\/li>\n<li>Kunden sind daf\u00fcr verantwortlich, das Haus in ihrer Abwesenheit ordnungsgem\u00e4\u00df geschlossen zu halten.<\/li>\n<li>Es ist verboten, im Kamin zu kochen.<\/li>\n<li>Die Utensilien des Terrassen-Aussichtspunkts werden nicht im Haus verwendet oder umgekehrt.<\/li>\n<li>Falls Sie mit Hunden \/ Katzen anreisen, m\u00fcssen Sie bei der Ankunft eine Kaution in H\u00f6he von 50 \u20ac hinterlegen .Sie sind daf\u00fcr verantwortlich, dass das Tier nicht alleine in der H\u00f6hle gelassen wird (Sie m\u00fcssen das Haustier zu allen gemachten Ausg\u00e4ngen mitnehmen), das nicht auf M\u00f6bel, Betten, Sofa klettert oder das Haus mit ihrem Kot oder Urin verschmutzt und Sch\u00e4den am Haus verursacht Einrichtungen, zu m\u00fcssen sammeln Die Exkremente, die Ihre Haustiere in den Gemeinschaftsr\u00e4umen als Aussichtspunkt auf die Terrasse hinterlegen, m\u00fcssen Sie im Schadensfall bezahlen .Die Kunden sind die einzigen, die f\u00fcr die m\u00f6gliche zivilrechtliche Haftung verantwortlich sind, die sich aus den Handlungen an Dritten ihres Begleittiers ergibt.<\/li>\n<li>Den Kunden stehen die Reklamationsformulare zur Verf\u00fcgung, um ihre Reklamationen aufzeichnen zu k\u00f6nnen.<\/li>\n<li>Die Kunden haben jederzeit die Inhaber der Einrichtung f\u00fcr jede Art von Beratung oder Anfrage zur Verf\u00fcgung.<\/li>\n<li>Im Falle der Benutzung von Fahrr\u00e4dern haben die Kunden diese in einwandfreiem Zustand und in einwandfreiem Zustand, was sie zu einer rationellen und nicht r\u00fccksichtslosen Benutzung macht. Sie sind in jedem Fall f\u00fcr die Handlungen und Konsequenzen verantwortlich, die sich aus der Benutzung dieser Fahrr\u00e4der f\u00fcr sich selbst und Dritte ergeben Fahrr\u00e4der.<\/li>\n<li>Die Eigent\u00fcmer behalten sich das Recht vor, vor der Abreise der Kunden der Unterkunft zu \u00fcberpr\u00fcfen, ob sie alle Dinge an ihrem richtigen Ort finden.<\/li>\n<li>F\u00fcr den Fall, dass der Kunde w\u00e4hrend des Aufenthalts die Unterkunft vor dem zuvor vereinbarten Datum verl\u00e4sst, erstattet Cuevas el Torriblanco in keinem Fall den Differenzbetrag zwischen dem vereinbarten und dem genossenen Aufenthalt.<\/li>\n<li>Die Unterkunft wird ausschlie\u00dflich mit der auf dem Anmeldeformular angegebenen Anzahl von Personen belegt, deren Identit\u00e4t am Eingang der H\u00f6hle registriert wurde.<\/li>\n<\/ul>\n<p>[\/et_pb_text][\/et_pb_column][\/et_pb_row][\/et_pb_section]<\/p>\n","protected":false},"excerpt":{"rendered":"<p>HAUSREGELN <nav aria-label=\"breadcrumbs\" class=\"rank-math-breadcrumb\"><p><span class=\"last\">Inicio<\/span><\/p><\/nav>Die Kunden finden das Haus in perfektem Zustand, die Einrichtungen sind sauber und alle Elemente funktionieren einwandfrei. Bei der Ankunft in dieser Einrichtung werden sie \u00fcber die Nutzungsbedingungen informiert und bei der Unterzeichnung des Registrierungsformulars akzeptiert. Kunden zahlen den Preis ihrer Unterkunft zum Zeitpunkt der Ankunft (in cash) und f\u00fcllen die vom Eigent\u00fcmer angeforderten [&hellip;]<\/p>\n","protected":false},"author":1,"featured_media":0,"parent":0,"menu_order":0,"comment_status":"closed","ping_status":"closed","template":"","meta":{"_et_pb_use_builder":"on","_et_pb_old_content":"","_et_gb_content_width":"","footnotes":""},"class_list":["post-1896","page","type-page","status-publish","hentry"],"_links":{"self":[{"href":"https:\/\/cuevaseltorriblanco.com\/de\/wp-json\/wp\/v2\/pages\/1896","targetHints":{"allow":["GET"]}}],"collection":[{"href":"https:\/\/cuevaseltorriblanco.com\/de\/wp-json\/wp\/v2\/pages"}],"about":[{"href":"https:\/\/cuevaseltorriblanco.com\/de\/wp-json\/wp\/v2\/types\/page"}],"author":[{"embeddable":true,"href":"https:\/\/cuevaseltorriblanco.com\/de\/wp-json\/wp\/v2\/users\/1"}],"replies":[{"embeddable":true,"href":"https:\/\/cuevaseltorriblanco.com\/de\/wp-json\/wp\/v2\/comments?post=1896"}],"version-history":[{"count":0,"href":"https:\/\/cuevaseltorriblanco.com\/de\/wp-json\/wp\/v2\/pages\/1896\/revisions"}],"wp:attachment":[{"href":"https:\/\/cuevaseltorriblanco.com\/de\/wp-json\/wp\/v2\/media?parent=1896"}],"curies":[{"name":"wp","href":"https:\/\/api.w.org\/{rel}","templated":true}]}}