{"id":1898,"date":"2019-05-27T13:54:51","date_gmt":"2019-05-27T11:54:51","guid":{"rendered":"https:\/\/cuevaseltorriblanco.com\/ornithologischer-tourismus\/"},"modified":"2024-04-11T11:08:38","modified_gmt":"2024-04-11T09:08:38","slug":"ornithologischer-tourismus","status":"publish","type":"page","link":"https:\/\/cuevaseltorriblanco.com\/de\/tourismus-in-gorafe\/ornithologischer-tourismus\/","title":{"rendered":"Ornithologischer tourismus."},"content":{"rendered":"<p>[et_pb_section bb_built=&#8220;1&#8243; admin_label=&#8220;Header&#8220; module_class=&#8220;seccion seccion-ornitologia cabecera-ornitologia&#8220; _builder_version=&#8220;3.23.3&#8243; use_background_color_gradient=&#8220;on&#8220; background_color_gradient_start=&#8220;rgba(255,255,255,0.7)&#8220; background_color_gradient_end=&#8220;rgba(255,255,255,0)&#8220; background_color_gradient_type=&#8220;radial&#8220; background_color_gradient_direction_radial=&#8220;top left&#8220; background_color_gradient_start_position=&#8220;30%&#8220; background_color_gradient_end_position=&#8220;80%&#8220; background_color_gradient_overlays_image=&#8220;on&#8220; background_image=&#8220;https:\/\/cuevaseltorriblanco.com\/wp-content\/uploads\/2019\/04\/bg-pajaros.jpg&#8220; background_position=&#8220;top_center&#8220; inner_width_tablet=&#8220;50px&#8220; inner_max_width_tablet=&#8220;50px&#8220; custom_padding=&#8220;8vw|0px|0|0px|false|false&#8220; z_index_tablet=&#8220;500&#8243; locked=&#8220;off&#8220; next_background_color=&#8220;#ffffff&#8220;][et_pb_row _builder_version=&#8220;3.22.4&#8243;][et_pb_column type=&#8220;4_4&#8243;][et_pb_text admin_label=&#8220;T\u00edtulo&#8220; _builder_version=&#8220;3.23.3&#8243; header_font=&#8220;Raleway|700|||||||&#8220; header_font_size=&#8220;80px&#8220; header_line_height=&#8220;1.2em&#8220; header_5_font=&#8220;Raleway|700||on|||||&#8220; header_5_text_color=&#8220;#000000&#8243; header_5_font_size=&#8220;20px&#8220; header_5_letter_spacing=&#8220;0.5em&#8220; header_5_line_height=&#8220;1.8em&#8220; z_index_tablet=&#8220;500&#8243; header_font_size_tablet=&#8220;48px&#8220; header_font_size_phone=&#8220;32px&#8220; header_font_size_last_edited=&#8220;on|phone&#8220; header_5_font_size_tablet=&#8220;14px&#8220; header_5_font_size_phone=&#8220;12px&#8220; header_5_font_size_last_edited=&#8220;on|desktop&#8220;]<\/p>\n<p>VOGELKUNDE<\/p>\n<h1>Ornithologischer tourismus<\/h1>\n<p>[\/et_pb_text][et_pb_code _builder_version=&#8220;3.22.4&#8243; z_index_tablet=&#8220;500&#8243;]<nav aria-label=\"breadcrumbs\" class=\"rank-math-breadcrumb\"><p><span class=\"last\">Inicio<\/span><\/p><\/nav>[\/et_pb_code][\/et_pb_column][\/et_pb_row][et_pb_row use_custom_gutter=&#8220;on&#8220; custom_padding=&#8220;0px|0px|0px|15vw&#8220; custom_padding_tablet=&#8220;|||10vw&#8220; custom_margin=&#8220;8vw|||&#8220; make_equal=&#8220;on&#8220; custom_padding_last_edited=&#8220;on|desktop&#8220; padding_top_1=&#8220;37px&#8220; padding_top_2=&#8220;37px&#8220; padding_top_3=&#8220;37px&#8220; padding_top_4=&#8220;37px&#8220; padding_bottom_1=&#8220;37px&#8220; padding_bottom_2=&#8220;37px&#8220; padding_bottom_3=&#8220;37px&#8220; padding_bottom_4=&#8220;37px&#8220; padding_1_tablet=&#8220;40px|||&#8220; padding_2_tablet=&#8220;40px|||&#8220; padding_3_tablet=&#8220;40px|||&#8220; padding_4_tablet=&#8220;20px||20px||true&#8220; padding_1_phone=&#8220;20px|||&#8220; padding_2_phone=&#8220;20px|||&#8220; padding_3_phone=&#8220;20px|||&#8220; padding_1_last_edited=&#8220;off|desktop&#8220; padding_2_last_edited=&#8220;off|desktop&#8220; padding_3_last_edited=&#8220;off|desktop&#8220; padding_4_last_edited=&#8220;off|desktop&#8220; module_class_1=&#8220;dato&#8220; module_class_2=&#8220;dato&#8220; module_class_3=&#8220;dato&#8220; module_class_4=&#8220;dato&#8220; module_class=&#8220;datos-contacto&#8220; _builder_version=&#8220;3.22.4&#8243; background_color=&#8220;#ffffff&#8220; width=&#8220;90%&#8220; width_phone=&#8220;50px&#8220; max_width=&#8220;90%&#8220; max_width_phone=&#8220;1280px&#8220; module_alignment=&#8220;left&#8220; animation_style=&#8220;slide&#8220; animation_direction=&#8220;left&#8220; animation_intensity_slide=&#8220;5%&#8220; z_index_tablet=&#8220;500&#8243; locked=&#8220;off&#8220;][et_pb_column type=&#8220;1_4&#8243;][et_pb_blurb admin_label=&#8220;Gorafe (Granada)&#8220; title=&#8220;Gorafe (Granada)&#8220; image=&#8220;https:\/\/cuevaseltorriblanco.com\/wp-content\/uploads\/2019\/04\/icon-mark-cont.png&#8220; icon_placement=&#8220;left&#8220; icon_font_size=&#8220;24px&#8220; _builder_version=&#8220;3.22.4&#8243; header_level=&#8220;h5&#8243; header_font=&#8220;Raleway|700|||||||&#8220; header_line_height=&#8220;1.4em&#8220; z_index_tablet=&#8220;500&#8243; locked=&#8220;off&#8220;]<\/p>\n<p><\/p>\n<p>[\/et_pb_blurb][\/et_pb_column][et_pb_column type=&#8220;1_4&#8243;][et_pb_blurb admin_label=&#8220;M\u00e1s de 50 aves&#8220; title=&#8220;Mehr als 50 V\u00f6gel&#8220; image=&#8220;https:\/\/cuevaseltorriblanco.com\/wp-content\/uploads\/2019\/04\/icon-ornitologia-01.png&#8220; icon_placement=&#8220;left&#8220; icon_font_size=&#8220;24px&#8220; _builder_version=&#8220;3.22.4&#8243; header_level=&#8220;h5&#8243; header_font=&#8220;Raleway|700|||||||&#8220; header_line_height=&#8220;1.4em&#8220; z_index_tablet=&#8220;500&#8243; locked=&#8220;off&#8220;]<\/p>\n<p><\/p>\n<p>[\/et_pb_blurb][\/et_pb_column][et_pb_column type=&#8220;1_4&#8243;][et_pb_blurb admin_label=&#8220;Rutas Ornitol\u00f3gicas&#8220; title=&#8220;Ornithologische Routen&#8220; image=&#8220;https:\/\/cuevaseltorriblanco.com\/wp-content\/uploads\/2019\/04\/icon-ornitologia-02.png&#8220; icon_placement=&#8220;left&#8220; icon_font_size=&#8220;24px&#8220; _builder_version=&#8220;3.22.4&#8243; header_level=&#8220;h5&#8243; header_font=&#8220;Raleway|700|||||||&#8220; header_line_height=&#8220;1.4em&#8220; z_index_tablet=&#8220;500&#8243; locked=&#8220;off&#8220;]<\/p>\n<p><\/p>\n<p>[\/et_pb_blurb][\/et_pb_column][et_pb_column type=&#8220;1_4&#8243;][et_pb_blurb admin_label=&#8220;Rutas Ornitol\u00f3gicas&#8220; title=&#8220;Ausfl\u00fcge&#8220; image=&#8220;https:\/\/cuevaseltorriblanco.com\/wp-content\/uploads\/2019\/04\/icon-ornitologia-03.png&#8220; icon_placement=&#8220;left&#8220; icon_font_size=&#8220;24px&#8220; _builder_version=&#8220;3.22.4&#8243; header_level=&#8220;h5&#8243; header_font=&#8220;Raleway|700|||||||&#8220; header_line_height=&#8220;1.4em&#8220; z_index_tablet=&#8220;500&#8243;]<\/p>\n<p><\/p>\n<p>[\/et_pb_blurb][\/et_pb_column][\/et_pb_row][\/et_pb_section][et_pb_section bb_built=&#8220;1&#8243; module_class=&#8220;seccion seccion-ornitologia info-ornitologia&#8220; _builder_version=&#8220;3.22.4&#8243; z_index_tablet=&#8220;500&#8243; prev_background_color=&#8220;#000000&#8243; next_background_color=&#8220;#000000&#8243;][et_pb_row _builder_version=&#8220;3.22.3&#8243; background_size=&#8220;initial&#8220; background_position=&#8220;top_left&#8220; background_repeat=&#8220;repeat&#8220;][et_pb_column type=&#8220;4_4&#8243;][et_pb_text admin_label=&#8220;Qu\u00e9 puedes ver&#8220; _builder_version=&#8220;3.22.4&#8243; header_2_font=&#8220;Raleway|700|||||||&#8220; header_2_font_size=&#8220;50&#8243; z_index_tablet=&#8220;500&#8243;]<\/p>\n<p style=\"text-align: center;\"><strong>V\u00d6GEL<\/strong><\/p>\n<h2 style=\"text-align: center;\">Was k\u00f6nnen Sie sehen?<\/h2>\n<p style=\"text-align: center;\">Das Gebiet, in dem sich die H\u00f6hlen befinden, ist eines der besten in Andalusien, wo Sie Steppenv\u00f6gel und in geringerem Ma\u00dfe auch Rupicolous und Flussuferv\u00f6gel beobachten k\u00f6nnen. Die h\u00e4ufigsten sind: die Zwergtrappe, die Triele, das Sandflughuhn, die Kalanderlerche, die Kurzzehenlerche, die Stummellerche (eine der besten Gegenden in Spanien), Theklalerche, die Haubenlerche, die Dupontlerche (isolierte Population), der Steinschm\u00e4tzer und der Mittelmeer-Steinschm\u00e4tzer (sehr h\u00e4ufig), Raken, Bienenfresser oder Spinte (h\u00e4ufig) und die wichtige Population von W\u00fcstengimpel.<\/p>\n<p style=\"text-align: center;\">Vielfalt an Raubv\u00f6geln wie die Wiesenweihe, der Steinadler, der Habichtsadler, der Schlangenadler, der Wanderfalke, der Turmfalke, der Uhu und das F\u00fctterungsgebiet f\u00fcr G\u00e4nsegeier und Schmutzgeier der Bev\u00f6lkerung der Sierras de Cazorla, Segura und Las Villas Naturpark. Ebenfalls relevant ist das Vorhandensein von Alpenkr\u00e4hen, Felsenschwalben, R\u00f6telschwalben, Heckens\u00e4ngern, Alpenbraunelle (im Winter), Blaumerlen (reichlich), Orpheusgrasm\u00fccke, Samtkopf-Grasm\u00fccke, Brillengrasm\u00fccke, Wei\u00dfbartgrasm\u00fccke, Provencegrasm\u00fccke, Rotkopfw\u00fcrgern (sehr reichlich), Iberienraubw\u00fcrger (reichlich vorhanden), Einfarbstar, Steinsperling (sehr reichlich vorhanden), Rothals-Ziegenmelker und der Zippammern.<\/p>\n<p>[\/et_pb_text][\/et_pb_column][\/et_pb_row][\/et_pb_section][et_pb_section bb_built=&#8220;1&#8243; _builder_version=&#8220;3.22.4&#8243; inner_width_tablet=&#8220;50px&#8220; inner_max_width_tablet=&#8220;50px&#8220; z_index_tablet=&#8220;500&#8243; prev_background_color=&#8220;#000000&#8243; next_background_color=&#8220;#000000&#8243;][et_pb_row _builder_version=&#8220;3.22.3&#8243; background_size=&#8220;initial&#8220; background_position=&#8220;top_left&#8220; background_repeat=&#8220;repeat&#8220;][et_pb_column type=&#8220;4_4&#8243;][et_pb_video src=&#8220;https:\/\/www.youtube.com\/watch?v=_lyIfXhVXZU&amp;t=94s&#8220; image_src=&#8220;https:\/\/cuevaseltorriblanco.com\/wp-content\/uploads\/2019\/04\/pajaro001.png&#8220; _builder_version=&#8220;3.22.4&#8243; z_index_tablet=&#8220;500&#8243;]<\/p>\n<p><\/p>\n<p>[\/et_pb_video][\/et_pb_column][\/et_pb_row][et_pb_row _builder_version=&#8220;3.22.3&#8243; background_size=&#8220;initial&#8220; background_position=&#8220;top_left&#8220; background_repeat=&#8220;repeat&#8220;][et_pb_column type=&#8220;1_5&#8243;][et_pb_image src=&#8220;https:\/\/cuevaseltorriblanco.com\/wp-content\/uploads\/2019\/04\/pajaro001.png&#8220; show_in_lightbox=&#8220;on&#8220; align_tablet=&#8220;center&#8220; align_last_edited=&#8220;on|desktop&#8220; _builder_version=&#8220;3.23&#8243; z_index_tablet=&#8220;500&#8243;]<\/p>\n<p><\/p>\n<p>[\/et_pb_image][\/et_pb_column][et_pb_column type=&#8220;1_5&#8243;][et_pb_image src=&#8220;https:\/\/cuevaseltorriblanco.com\/wp-content\/uploads\/2019\/04\/pajaro003.png&#8220; show_in_lightbox=&#8220;on&#8220; align_tablet=&#8220;center&#8220; align_last_edited=&#8220;on|desktop&#8220; _builder_version=&#8220;3.23&#8243; z_index_tablet=&#8220;500&#8243;]<\/p>\n<p><\/p>\n<p>[\/et_pb_image][\/et_pb_column][et_pb_column type=&#8220;1_5&#8243;][et_pb_image src=&#8220;https:\/\/cuevaseltorriblanco.com\/wp-content\/uploads\/2019\/06\/Curruca-rabilarga-Sylvia-undata..jpg&#8220; show_in_lightbox=&#8220;on&#8220; align_tablet=&#8220;center&#8220; align_last_edited=&#8220;on|desktop&#8220; _builder_version=&#8220;3.24.1&#8243; z_index_tablet=&#8220;500&#8243; box_shadow_horizontal_tablet=&#8220;0px&#8220; box_shadow_vertical_tablet=&#8220;0px&#8220; box_shadow_blur_tablet=&#8220;40px&#8220; box_shadow_spread_tablet=&#8220;0px&#8220;]<\/p>\n<p><\/p>\n<p>[\/et_pb_image][\/et_pb_column][et_pb_column type=&#8220;1_5&#8243;][et_pb_image src=&#8220;https:\/\/cuevaseltorriblanco.com\/wp-content\/uploads\/2019\/04\/pajaro002.png&#8220; show_in_lightbox=&#8220;on&#8220; align_tablet=&#8220;center&#8220; align_last_edited=&#8220;on|desktop&#8220; _builder_version=&#8220;3.23&#8243; z_index_tablet=&#8220;500&#8243;]<\/p>\n<p><\/p>\n<p>[\/et_pb_image][\/et_pb_column][et_pb_column type=&#8220;1_5&#8243;][et_pb_image src=&#8220;https:\/\/cuevaseltorriblanco.com\/wp-content\/uploads\/2019\/04\/pajaro001.png&#8220; show_in_lightbox=&#8220;on&#8220; align_tablet=&#8220;center&#8220; align_last_edited=&#8220;on|desktop&#8220; _builder_version=&#8220;3.23&#8243; z_index_tablet=&#8220;500&#8243;]<\/p>\n<p><\/p>\n<p>[\/et_pb_image][\/et_pb_column][\/et_pb_row][\/et_pb_section][et_pb_section bb_built=&#8220;1&#8243; admin_label=&#8220;Reservations&#8220; module_class=&#8220;seccion-home seccion cta-home&#8220; _builder_version=&#8220;3.22.4&#8243; use_background_color_gradient=&#8220;on&#8220; background_color_gradient_start=&#8220;#2f3a44&#8243; background_color_gradient_end=&#8220;rgba(38,46,53,0)&#8220; background_color_gradient_direction=&#8220;150deg&#8220; background_color_gradient_start_position=&#8220;25%&#8220; background_color_gradient_overlays_image=&#8220;on&#8220; background_image=&#8220;https:\/\/cuevaseltorriblanco.com\/wp-content\/uploads\/2019\/04\/bg-habitat.jpg&#8220; inner_width_tablet=&#8220;50px&#8220; inner_max_width_tablet=&#8220;50px&#8220; custom_padding=&#8220;140px|0px|300px|0px|false|false&#8220; z_index_tablet=&#8220;500&#8243; prev_background_color=&#8220;#ffffff&#8220; next_background_color=&#8220;#ffffff&#8220;][et_pb_row use_custom_gutter=&#8220;on&#8220; make_equal=&#8220;on&#8220; padding_2_tablet=&#8220;0px||0px||true&#8220; _builder_version=&#8220;3.22.3&#8243;][et_pb_column type=&#8220;4_4&#8243;][et_pb_text admin_label=&#8220;Visita las cuevas Torriblanco&#8220; _builder_version=&#8220;3.22.4&#8243; text_line_height=&#8220;2em&#8220; header_2_font=&#8220;Raleway|700|||||||&#8220; header_2_font_size=&#8220;50px&#8220; header_2_line_height=&#8220;1.2em&#8220; header_6_font=&#8220;Raleway|700||on|||||&#8220; header_6_font_size=&#8220;16px&#8220; header_6_letter_spacing=&#8220;5px&#8220; header_6_line_height=&#8220;1.8em&#8220; background_layout=&#8220;dark&#8220; max_width_last_edited=&#8220;on|desktop&#8220; z_index_tablet=&#8220;500&#8243; header_2_font_size_tablet=&#8220;35px&#8220; header_2_font_size_phone=&#8220;25px&#8220; header_2_font_size_last_edited=&#8220;on|phone&#8220; locked=&#8220;off&#8220;]<\/p>\n<p>LEBENSRAUM<\/p>\n<h2>Lebensraumstatus<\/h2>\n<p>[\/et_pb_text][\/et_pb_column][\/et_pb_row][\/et_pb_section][et_pb_section bb_built=&#8220;1&#8243; admin_label=&#8220;Contact Info&#8220; module_class=&#8220;seccion-home seccion contacto-home&#8220; _builder_version=&#8220;3.22.4&#8243; background_color=&#8220;#ffffff&#8220; border_color_all=&#8220;#ffffff&#8220; border_width_left=&#8220;10vw&#8220; max_width=&#8220;90%&#8220; max_width_phone=&#8220;100%&#8220; max_width_last_edited=&#8220;on|phone&#8220; inner_width_tablet=&#8220;50px&#8220; inner_max_width_tablet=&#8220;50px&#8220; custom_margin=&#8220;-160px|||&#8220; custom_padding=&#8220;||4vw|&#8220; z_index_tablet=&#8220;500&#8243; prev_background_color=&#8220;#000000&#8243;][et_pb_row _builder_version=&#8220;3.22.3&#8243; custom_width_px=&#8220;800px&#8220;][et_pb_column type=&#8220;4_4&#8243;][et_pb_text admin_label=&#8220;Texto h\u00e1bitat&#8220; _builder_version=&#8220;3.22.4&#8243; z_index_tablet=&#8220;500&#8243;]<\/p>\n<p style=\"text-align: center;\">Halbtrockene Depressionen; Fl\u00fcsse und Str\u00f6me; Schluchten und Klippen und Hochland mit Getreidekulturen. Depression zwischen dem Granada Baetic-Gebirge n\u00f6rdlich der Sierra de Baza und der Sierra Nevada mit einem halbtrockenen Klima (weniger als 300 mm Regen pro Jahr). H\u00f6he zwischen 650 und 1.400 m.<\/p>\n<p style=\"text-align: center;\">Ebenen mit Getreidekulturen, in denen Schluchten und lehmige Schluchten auftreten, mit gro\u00dfen Espartograsfl\u00e4chen und einigen Steineichenweiden, die das Erscheinungsbild einer Savanne vermitteln. \u00dcberreste der Aleppo-Kiefernw\u00e4lder.<\/p>\n<p>[\/et_pb_text][\/et_pb_column][\/et_pb_row][\/et_pb_section]<\/p>\n","protected":false},"excerpt":{"rendered":"<p>VOGELKUNDE Ornithologischer tourismus <nav aria-label=\"breadcrumbs\" class=\"rank-math-breadcrumb\"><p><span class=\"last\">Inicio<\/span><\/p><\/nav> V\u00d6GEL Was k\u00f6nnen Sie sehen? Das Gebiet, in dem sich die H\u00f6hlen befinden, ist eines der besten in Andalusien, wo Sie Steppenv\u00f6gel und in geringerem Ma\u00dfe auch Rupicolous und Flussuferv\u00f6gel beobachten k\u00f6nnen. Die h\u00e4ufigsten sind: die Zwergtrappe, die Triele, das Sandflughuhn, die Kalanderlerche, die Kurzzehenlerche, die Stummellerche (eine der besten Gegenden [&hellip;]<\/p>\n","protected":false},"author":1,"featured_media":0,"parent":1900,"menu_order":0,"comment_status":"closed","ping_status":"closed","template":"","meta":{"_et_pb_use_builder":"on","_et_pb_old_content":"","_et_gb_content_width":"","footnotes":""},"class_list":["post-1898","page","type-page","status-publish","hentry"],"_links":{"self":[{"href":"https:\/\/cuevaseltorriblanco.com\/de\/wp-json\/wp\/v2\/pages\/1898","targetHints":{"allow":["GET"]}}],"collection":[{"href":"https:\/\/cuevaseltorriblanco.com\/de\/wp-json\/wp\/v2\/pages"}],"about":[{"href":"https:\/\/cuevaseltorriblanco.com\/de\/wp-json\/wp\/v2\/types\/page"}],"author":[{"embeddable":true,"href":"https:\/\/cuevaseltorriblanco.com\/de\/wp-json\/wp\/v2\/users\/1"}],"replies":[{"embeddable":true,"href":"https:\/\/cuevaseltorriblanco.com\/de\/wp-json\/wp\/v2\/comments?post=1898"}],"version-history":[{"count":0,"href":"https:\/\/cuevaseltorriblanco.com\/de\/wp-json\/wp\/v2\/pages\/1898\/revisions"}],"up":[{"embeddable":true,"href":"https:\/\/cuevaseltorriblanco.com\/de\/wp-json\/wp\/v2\/pages\/1900"}],"wp:attachment":[{"href":"https:\/\/cuevaseltorriblanco.com\/de\/wp-json\/wp\/v2\/media?parent=1898"}],"curies":[{"name":"wp","href":"https:\/\/api.w.org\/{rel}","templated":true}]}}