{"id":1905,"date":"2019-05-28T08:07:44","date_gmt":"2019-05-28T06:07:44","guid":{"rendered":"https:\/\/cuevaseltorriblanco.com\/datenschutzrichtlinie\/"},"modified":"2019-06-12T08:33:55","modified_gmt":"2019-06-12T06:33:55","slug":"datenschutzrichtlinie","status":"publish","type":"page","link":"https:\/\/cuevaseltorriblanco.com\/de\/datenschutzrichtlinie\/","title":{"rendered":"Datenschutzrichtlinie"},"content":{"rendered":"<p>[et_pb_section fb_built=&#8220;1&#8243; admin_label=&#8220;Header&#8220; module_class=&#8220;seccion seccion-blog portada-blog&#8220; _builder_version=&#8220;3.23.3&#8243; background_color=&#8220;#ffc857&#8243; background_color_gradient_direction_radial=&#8220;top left&#8220; box_shadow_style=&#8220;preset3&#8243; box_shadow_horizontal=&#8220;2px&#8220; inner_width_tablet=&#8220;50px&#8220; inner_max_width_tablet=&#8220;50px&#8220; custom_padding=&#8220;2vw|0px|2vw|0px&#8220; z_index_tablet=&#8220;500&#8243;][et_pb_row _builder_version=&#8220;3.23.3&#8243;][et_pb_column type=&#8220;4_4&#8243; _builder_version=&#8220;3.0.47&#8243;][et_pb_text admin_label=&#8220;T\u00edtulo &#8220; _builder_version=&#8220;3.23.3&#8243; header_font=&#8220;Raleway|700|||||||&#8220; header_font_size=&#8220;80px&#8220; header_line_height=&#8220;1.2em&#8220; header_5_font=&#8220;Raleway|700||on|||||&#8220; header_5_text_color=&#8220;#000000&#8243; header_5_font_size=&#8220;20px&#8220; header_5_letter_spacing=&#8220;0.5em&#8220; header_5_line_height=&#8220;1.8em&#8220; z_index_tablet=&#8220;500&#8243; header_font_size_tablet=&#8220;48px&#8220; header_font_size_phone=&#8220;32px&#8220; header_font_size_last_edited=&#8220;on|phone&#8220; header_5_font_size_tablet=&#8220;14px&#8220; header_5_font_size_phone=&#8220;12px&#8220; header_5_font_size_last_edited=&#8220;on|desktop&#8220;]<\/p>\n<h1>Datenschutzrichtlinie<\/h1>\n<p>[\/et_pb_text][et_pb_code _builder_version=&#8220;3.22.4&#8243; z_index_tablet=&#8220;500&#8243;]<nav aria-label=\"breadcrumbs\" class=\"rank-math-breadcrumb\"><p><span class=\"last\">Inicio<\/span><\/p><\/nav>[\/et_pb_code][\/et_pb_column][\/et_pb_row][\/et_pb_section][et_pb_section fb_built=&#8220;1&#8243; admin_label=&#8220;Blog&#8220; module_class=&#8220;seccion seccion-blog contenido-blog&#8220; _builder_version=&#8220;3.22.4&#8243; background_color=&#8220;#ffffff&#8220; border_color_all=&#8220;#ffffff&#8220; border_width_left=&#8220;10vw&#8220; max_width=&#8220;100%&#8220; max_width_last_edited=&#8220;on|desktop&#8220; inner_width_tablet=&#8220;50px&#8220; inner_max_width_tablet=&#8220;50px&#8220; z_index_tablet=&#8220;500&#8243;][et_pb_row _builder_version=&#8220;3.22.3&#8243;][et_pb_column type=&#8220;4_4&#8243; _builder_version=&#8220;3.0.47&#8243;][et_pb_text _builder_version=&#8220;3.22.4&#8243; z_index_tablet=&#8220;500&#8243;]<\/p>\n<p id=\"tw-target-text\" class=\"tw-data-text tw-ta tw-text-small\" dir=\"ltr\" data-placeholder=\"Traducci\u00f3n\"><span lang=\"en\" tabindex=\"0\">In compliance with the Organic Law 15\/1999 of December 13, Protection of Personal Data LOPD, informs the user, Article 5 of said Act, that the data entered both in the contact forms and in the consultation forms of our site will be stored in automated files, owned by Cuevas el Torriblanco, which will be given the treatment stipulated by the Organic Law on Data Protection. The purpose for which the contact forms provided throughout the site are intended, is the subsequent putting in contact of the entity with the users who have made some type of consultation through them. The personal data collected in the registration form to be able to make the query are incorporated into the database of Cuevas el Torriblanco and are used only and exclusively to customize their subsequent visits, for advertising and commercial shipping of the products \/ services of the company, as well as, for the improvement of contractual relationships between Cuevas el Torriblanco and users interested in any of the products offered on the site. Cuevas el Torriblanco is responsible for the files and undertakes not to assign the data for a different purpose for which they were collected or to assign them illegitimately to third parties. It also undertakes to treat your data confidentially and to apply the necessary technical, organizational and security measures to prevent its treatment or unauthorized access as established by current regulations on data protection. The completion of the forms by users assumes that they give their express consent to the collection of their data by Cuevas el Torriblanco, and are considered to be informed, knowing that their data will be stored in the files owned by said company. . The holders of the data have the right of access, rectification, cancellation and opposition of their data. To exercise these rights, the holders of the data can send a written request by postal mail to the addresses: Cuevas el Torriblanco Path of the Plateau, 1 18890-Gorafe, (Granada) Tel. 686 765 54 Or go to the contact address reservas@cuevaseltorriblanco.es<\/span><\/p>\n<div class=\"oSioSc\">\n<div id=\"tw-target\">\n<div id=\"tw-target-text-container\" class=\"gsrt tw-ta-container tw-nfl\">\n<p id=\"tw-target-text\" class=\"tw-data-text tw-ta tw-text-small\" dir=\"ltr\" data-placeholder=\"Traducci\u00f3n\"><span lang=\"en\" tabindex=\"0\">Users will respond in any case, the veracity of the data provided, reserving the Entity the right to exclude from the registered services to any user who has provided false or erroneous data, without prejudice to other actions that proceed in Law. This Privacy Policy can be modified by scrupulously taking into account possible legislative changes that may occur, as well as the guidelines issued by the Spanish Agency for Data Protection. It is reported that the site cuevaseltorriblanco.com is not adhered to any code of conduct, both their own and others. In the future, this membership may be modified by Cuevas el Torriblanco without express written communication with its users.<\/span><\/p>\n<\/div>\n<\/div>\n<\/div>\n<h2 id=\"tw-target-text\" class=\"tw-data-text tw-ta tw-text-medium\" dir=\"ltr\" data-placeholder=\"Traducci\u00f3n\"><span lang=\"en\" tabindex=\"0\">Limitation of Liability and guarantees<\/span><\/h2>\n<p id=\"tw-target-text\" class=\"tw-data-text tw-ta tw-text-small\" dir=\"ltr\" data-placeholder=\"Traducci\u00f3n\"><span lang=\"en\" tabindex=\"0\">The Site cuevaseltorriblanco.com focuses on the promotion and sale of the products offered therein. Cuevas el Torriblanco undertakes to respect the veracity of the data, except for typographical errors, adapting them to the LSSICE and the Current Contractual Laws.<\/span><\/p>\n<h2 id=\"tw-target-text\" class=\"tw-data-text tw-ta tw-text-medium\" dir=\"ltr\" data-placeholder=\"Traducci\u00f3n\"><span lang=\"en\" tabindex=\"0\">Intellectual and Industrial Property<\/span><\/h2>\n<ul>\n<li>\n<p id=\"tw-target-text\" class=\"tw-data-text tw-ta tw-text-small\" dir=\"ltr\" data-placeholder=\"Traducci\u00f3n\"><span lang=\"en\" tabindex=\"0\">The Site and the contents hosted by cuevaseltorriblanco.com are protected by current legislation on intellectual property.<\/span><\/p>\n<\/li>\n<li>\n<div class=\"oSioSc\">\n<div id=\"tw-target\">\n<div id=\"tw-target-text-container\" class=\"gsrt tw-ta-container tw-nfl\">\n<p id=\"tw-target-text\" class=\"tw-data-text tw-ta tw-text-small\" dir=\"ltr\" data-placeholder=\"Traducci\u00f3n\"><span lang=\"en\" tabindex=\"0\">It is expressly prohibited to copy, modify, reproduce, download, transmit, distribute or transform the contents of the page, without the previous authorization of the owner of the corresponding rights or is legally permitted.<\/span><\/p>\n<\/div>\n<\/div>\n<\/div>\n<\/li>\n<li>\n<div class=\"oSioSc\">\n<div id=\"tw-target\">\n<div id=\"tw-target-text-container\" class=\"gsrt tw-ta-container tw-nfl\">\n<p id=\"tw-target-text\" class=\"tw-data-text tw-ta tw-text-small\" dir=\"ltr\" data-placeholder=\"Traducci\u00f3n\"><span lang=\"en\" tabindex=\"0\">Access to the site does not presuppose the acquisition by users of property rights over the contents contained therein.<\/span><\/p>\n<\/div>\n<\/div>\n<\/div>\n<\/li>\n<\/ul>\n<h2 id=\"tw-target-text\" class=\"tw-data-text tw-ta tw-text-medium\" dir=\"ltr\" data-placeholder=\"Traducci\u00f3n\"><span lang=\"en\" tabindex=\"0\">Responsibility for the operation of the page<\/span><\/h2>\n<p id=\"tw-target-text\" class=\"tw-data-text tw-ta tw-text-small\" dir=\"ltr\" data-placeholder=\"Traducci\u00f3n\"><span lang=\"en\" tabindex=\"0\">Cuevas el Torriblanco may, when it deems it appropriate, make corrections, improvements or modifications to the information contained in the page without any place, or right to any claim or compensation, or imply recognition of any responsibility. Cuevas el Torriblanco is not responsible for damages of any kind that may arise from the availability and technical continuity of the operation of the page.<\/span><\/p>\n<p>[\/et_pb_text][\/et_pb_column][\/et_pb_row][\/et_pb_section]<\/p>\n","protected":false},"excerpt":{"rendered":"<p>Datenschutzrichtlinie <nav aria-label=\"breadcrumbs\" class=\"rank-math-breadcrumb\"><p><span class=\"last\">Inicio<\/span><\/p><\/nav>In compliance with the Organic Law 15\/1999 of December 13, Protection of Personal Data LOPD, informs the user, Article 5 of said Act, that the data entered both in the contact forms and in the consultation forms of our site will be stored in automated files, owned by Cuevas el Torriblanco, which will be [&hellip;]<\/p>\n","protected":false},"author":1,"featured_media":0,"parent":0,"menu_order":0,"comment_status":"closed","ping_status":"closed","template":"","meta":{"_et_pb_use_builder":"on","_et_pb_old_content":"<!-- wp:heading --><h2>Qui\u00e9nes somos<\/h2><!-- \/wp:heading --><!-- wp:paragraph --><p>La direcci\u00f3n de nuestra web es: https:\/\/cuevaseltorriblanco.com.<\/p><!-- \/wp:paragraph --><!-- wp:heading --><h2>Qu\u00e9 datos personales recogemos y por qu\u00e9 los recogemos<\/h2><!-- \/wp:heading --><!-- wp:heading {\"level\":3} --><h3>Comentarios<\/h3><!-- \/wp:heading --><!-- wp:paragraph --><p>Cuando los visitantes dejan comentarios en la web, recopilamos los datos que se muestran en el formulario de comentarios, as\u00ed como la direcci\u00f3n IP del visitante y la cadena de agentes de usuario del navegador para ayudar a la detecci\u00f3n de spam.<\/p><!-- \/wp:paragraph --><!-- wp:paragraph --><p>Una cadena an\u00f3nima creada a partir de tu direcci\u00f3n de correo electr\u00f3nico (tambi\u00e9n llamada hash) puede ser proporcionada al servicio de Gravatar para ver si la est\u00e1s usando. La pol\u00edtica de privacidad del servicio Gravatar est\u00e1 disponible aqu\u00ed: https:\/\/automattic.com\/privacy\/. Despu\u00e9s de la aprobaci\u00f3n de tu comentario, la imagen de tu perfil es visible para el p\u00fablico en el contexto de su comentario.<\/p><!-- \/wp:paragraph --><!-- wp:heading {\"level\":3} --><h3>Medios<\/h3><!-- \/wp:heading --><!-- wp:paragraph --><p>Si subes im\u00e1genes a la web deber\u00edas evitar subir im\u00e1genes con datos de ubicaci\u00f3n (GPS EXIF) incluidos. Los visitantes de la web pueden descargar y extraer cualquier dato de localizaci\u00f3n de las im\u00e1genes de la web.<\/p><!-- \/wp:paragraph --><!-- wp:heading {\"level\":3} --><h3>Formularios de contacto<\/h3><!-- \/wp:heading --><!-- wp:heading {\"level\":3} --><h3>Cookies<\/h3><!-- \/wp:heading --><!-- wp:paragraph --><p>Si dejas un comentario en nuestro sitio puedes elegir guardar tu nombre, direcci\u00f3n de correo electr\u00f3nico y web en cookies. Esto es para tu comodidad, para que no tengas que volver a rellenar tus datos cuando dejes otro comentario. Estas cookies tendr\u00e1n una duraci\u00f3n de un a\u00f1o.<\/p><!-- \/wp:paragraph --><!-- wp:paragraph --><p>Si tienes una cuenta y te conectas a este sitio, instalaremos una cookie temporal para determinar si tu navegador acepta cookies. Esta cookie no contiene datos personales y se elimina al cerrar el navegador.<\/p><!-- \/wp:paragraph --><!-- wp:paragraph --><p>Cuando inicias sesi\u00f3n, tambi\u00e9n instalaremos varias cookies para guardar tu informaci\u00f3n de inicio de sesi\u00f3n y tus opciones de visualizaci\u00f3n de pantalla. Las cookies de inicio de sesi\u00f3n duran dos d\u00edas, y las cookies de opciones de pantalla duran un a\u00f1o. Si seleccionas \"Recordarme\", tu inicio de sesi\u00f3n perdurar\u00e1 durante dos semanas. Si sales de tu cuenta, las cookies de inicio de sesi\u00f3n se eliminar\u00e1n.<\/p><!-- \/wp:paragraph --><!-- wp:paragraph --><p>Si editas o publicas un art\u00edculo se guardar\u00e1 una cookie adicional en tu navegador. Esta cookie no incluye datos personales y simplemente indica el ID del art\u00edculo que acabas de editar. Caduca despu\u00e9s de 1 d\u00eda.<\/p><!-- \/wp:paragraph --><!-- wp:heading {\"level\":3} --><h3>Contenido incrustado de otros sitios web<\/h3><!-- \/wp:heading --><!-- wp:paragraph --><p>Los art\u00edculos de este sitio pueden incluir contenido incrustado (por ejemplo, v\u00eddeos, im\u00e1genes, art\u00edculos, etc.). El contenido incrustado de otras web se comporta exactamente de la misma manera que si el visitante hubiera visitado la otra web.<\/p><!-- \/wp:paragraph --><!-- wp:paragraph --><p>Estas web pueden recopilar datos sobre ti, utilizar cookies, incrustar un seguimiento adicional de terceros, y supervisar tu interacci\u00f3n con ese contenido incrustado, incluido el seguimiento de tu interacci\u00f3n con el contenido incrustado si tienes una cuenta y est\u00e1s conectado a esa web.<\/p><!-- \/wp:paragraph --><!-- wp:heading {\"level\":3} --><h3>Anal\u00edtica<\/h3><!-- \/wp:heading --><!-- wp:heading --><h2>Con qui\u00e9n compartimos tus datos<\/h2><!-- \/wp:heading --><!-- wp:heading --><h2>Cu\u00e1nto tiempo conservamos tus datos<\/h2><!-- \/wp:heading --><!-- wp:paragraph --><p>Si dejas un comentario, el comentario y sus metadatos se conservan indefinidamente. Esto es para que podamos reconocer y aprobar comentarios sucesivos autom\u00e1ticamente en lugar de mantenerlos en una cola de moderaci\u00f3n.<\/p><!-- \/wp:paragraph --><!-- wp:paragraph --><p>De los usuarios que se registran en nuestra web (si los hay), tambi\u00e9n almacenamos la informaci\u00f3n personal que proporcionan en su perfil de usuario. Todos los usuarios pueden ver, editar o eliminar su informaci\u00f3n personal en cualquier momento (excepto que no pueden cambiar su nombre de usuario). Los administradores de la web tambi\u00e9n pueden ver y editar esa informaci\u00f3n.<\/p><!-- \/wp:paragraph --><!-- wp:heading --><h2>Qu\u00e9 derechos tienes sobre tus datos<\/h2><!-- \/wp:heading --><!-- wp:paragraph --><p>Si tienes una cuenta o has dejado comentarios en esta web, puedes solicitar recibir un archivo de exportaci\u00f3n de los datos personales que tenemos sobre ti, incluyendo cualquier dato que nos hayas proporcionado. Tambi\u00e9n puedes solicitar que eliminemos cualquier dato personal que tengamos sobre ti. Esto no incluye ning\u00fan dato que estemos obligados a conservar con fines administrativos, legales o de seguridad.<\/p><!-- \/wp:paragraph --><!-- wp:heading --><h2>D\u00f3nde enviamos tus datos<\/h2><!-- \/wp:heading --><!-- wp:paragraph --><p>Los comentarios de los visitantes puede que los revise un servicio de detecci\u00f3n autom\u00e1tica de spam.<\/p><!-- \/wp:paragraph --><!-- wp:heading --><h2>Tu informaci\u00f3n de contacto<\/h2><!-- \/wp:heading --><!-- wp:heading --><h2>Informaci\u00f3n adicional<\/h2><!-- \/wp:heading --><!-- wp:heading {\"level\":3} --><h3>C\u00f3mo protegemos tus datos<\/h3><!-- \/wp:heading --><!-- wp:heading {\"level\":3} --><h3>Qu\u00e9 procedimientos utilizamos contra las brechas de datos<\/h3><!-- \/wp:heading --><!-- wp:heading {\"level\":3} --><h3>De qu\u00e9 terceros recibimos datos<\/h3><!-- \/wp:heading --><!-- wp:heading {\"level\":3} --><h3>Qu\u00e9 tipo de toma de decisiones automatizada y\/o perfilado hacemos con los datos del usuario<\/h3><!-- \/wp:heading --><!-- wp:heading {\"level\":3} --><h3>Requerimientos regulatorios de revelaci\u00f3n de informaci\u00f3n del sector<\/h3><!-- \/wp:heading -->","_et_gb_content_width":"","footnotes":""},"class_list":["post-1905","page","type-page","status-publish","hentry"],"_links":{"self":[{"href":"https:\/\/cuevaseltorriblanco.com\/de\/wp-json\/wp\/v2\/pages\/1905","targetHints":{"allow":["GET"]}}],"collection":[{"href":"https:\/\/cuevaseltorriblanco.com\/de\/wp-json\/wp\/v2\/pages"}],"about":[{"href":"https:\/\/cuevaseltorriblanco.com\/de\/wp-json\/wp\/v2\/types\/page"}],"author":[{"embeddable":true,"href":"https:\/\/cuevaseltorriblanco.com\/de\/wp-json\/wp\/v2\/users\/1"}],"replies":[{"embeddable":true,"href":"https:\/\/cuevaseltorriblanco.com\/de\/wp-json\/wp\/v2\/comments?post=1905"}],"version-history":[{"count":0,"href":"https:\/\/cuevaseltorriblanco.com\/de\/wp-json\/wp\/v2\/pages\/1905\/revisions"}],"wp:attachment":[{"href":"https:\/\/cuevaseltorriblanco.com\/de\/wp-json\/wp\/v2\/media?parent=1905"}],"curies":[{"name":"wp","href":"https:\/\/api.w.org\/{rel}","templated":true}]}}