{"id":1917,"date":"2019-05-28T08:59:34","date_gmt":"2019-05-28T06:59:34","guid":{"rendered":"https:\/\/cuevaseltorriblanco.com\/stornierungsbedingungen\/"},"modified":"2019-06-06T17:37:31","modified_gmt":"2019-06-06T15:37:31","slug":"stornierungsbedingungen","status":"publish","type":"page","link":"https:\/\/cuevaseltorriblanco.com\/de\/stornierungsbedingungen\/","title":{"rendered":"Stornierungsbedingungen"},"content":{"rendered":"<p>[et_pb_section fb_built=&#8220;1&#8243; admin_label=&#8220;Header&#8220; module_class=&#8220;seccion seccion-blog portada-blog&#8220; _builder_version=&#8220;3.23.3&#8243; background_color=&#8220;#ffc857&#8243; background_color_gradient_direction_radial=&#8220;top left&#8220; box_shadow_style=&#8220;preset3&#8243; box_shadow_horizontal=&#8220;2px&#8220; inner_width_tablet=&#8220;50px&#8220; inner_max_width_tablet=&#8220;50px&#8220; custom_padding=&#8220;2vw|0px|2vw|0px&#8220; z_index_tablet=&#8220;500&#8243;][et_pb_row _builder_version=&#8220;3.23.3&#8243;][et_pb_column type=&#8220;4_4&#8243; _builder_version=&#8220;3.0.47&#8243;][et_pb_text admin_label=&#8220;T\u00edtulo &#8220; _builder_version=&#8220;3.23.3&#8243; header_font=&#8220;Raleway|700|||||||&#8220; header_font_size=&#8220;80px&#8220; header_line_height=&#8220;1.2em&#8220; header_5_font=&#8220;Raleway|700||on|||||&#8220; header_5_text_color=&#8220;#000000&#8243; header_5_font_size=&#8220;20px&#8220; header_5_letter_spacing=&#8220;0.5em&#8220; header_5_line_height=&#8220;1.8em&#8220; z_index_tablet=&#8220;500&#8243; header_font_size_tablet=&#8220;48px&#8220; header_font_size_phone=&#8220;32px&#8220; header_font_size_last_edited=&#8220;on|phone&#8220; header_5_font_size_tablet=&#8220;14px&#8220; header_5_font_size_phone=&#8220;12px&#8220; header_5_font_size_last_edited=&#8220;on|desktop&#8220;]<\/p>\n<h1>Stornierungsbedingungen<\/h1>\n<p>[\/et_pb_text][et_pb_code _builder_version=&#8220;3.22.4&#8243; z_index_tablet=&#8220;500&#8243;]<nav aria-label=\"breadcrumbs\" class=\"rank-math-breadcrumb\"><p><span class=\"last\">Inicio<\/span><\/p><\/nav>[\/et_pb_code][\/et_pb_column][\/et_pb_row][\/et_pb_section][et_pb_section fb_built=&#8220;1&#8243; admin_label=&#8220;Blog&#8220; module_class=&#8220;seccion seccion-blog contenido-blog&#8220; _builder_version=&#8220;3.22.4&#8243; background_color=&#8220;#ffffff&#8220; border_color_all=&#8220;#ffffff&#8220; border_width_left=&#8220;10vw&#8220; max_width=&#8220;100%&#8220; max_width_last_edited=&#8220;on|desktop&#8220; inner_width_tablet=&#8220;50px&#8220; inner_max_width_tablet=&#8220;50px&#8220; z_index_tablet=&#8220;500&#8243;][et_pb_row _builder_version=&#8220;3.22.3&#8243;][et_pb_column type=&#8220;4_4&#8243; _builder_version=&#8220;3.0.47&#8243;][et_pb_text _builder_version=&#8220;3.22.4&#8243; z_index_tablet=&#8220;500&#8243;]Bei einer Reservierung im Cuevas el Torriblanco per E-Mail, Telefon oder direkt akzeptiert der Kunde die Stornierungsbedingungen und das Nichterscheinen.<\/p>\n<p>Die Stornierungsbedingungen gelten f\u00fcr alle Stornierungen, die innerhalb von 30 Tagen vor dem Betreten der H\u00f6hlen oder w\u00e4hrend des Aufenthalts des Kunden ohne Einhaltung der reservierten N\u00e4chte erfolgen. Sobald die oben erl\u00e4uterten Richtlinien erf\u00fcllt sind, k\u00f6nnen keine \u00c4nderungen oder R\u00fcckerstattungen vorgenommen werden.<\/p>\n<ul>\n<li>G\u00fcltigkeit: Sie gilt f\u00fcr alle Monate des Jahres.<\/li>\n<li>\u00dcberweisung: Es wird als Buchungsgarantie akzeptiert.<\/li>\n<li>Zahlungsbedingungen\n<ul>\n<li>30%, um die Reservierung vorzunehmen und die Daten f\u00fcr Ihre Gruppe zu sperren.<\/li>\n<li>70% bei Ankunft in der Unterkunft in bar.<\/li>\n<\/ul>\n<\/li>\n<li>Total Stornierung:\n<ul>\n<li>Wenn die Stornierung bis 30 Tage vor dem Anreisetag erfolgt, bedeutet dies eine 100%ige R\u00fcckerstattung.<\/li>\n<li>Wenn die Stornierung innerhalb von 30 Tagen vor dem Anreisetag erfolgt, erfolgt keine R\u00fcckerstattung des Vorschusses von 30% f\u00fcr die Reservierung.<\/li>\n<li>Sobald die Reservierung storniert und die Nichtr\u00fcckerstattung von 30% des Gesamtbetrags akzeptiert wurde, geben wir dem Kunden die M\u00f6glichkeit, an anderen verf\u00fcgbaren Terminen zu bleiben. Es wird 30% der vorherigen Reservierung in der gleichen Saison haben. Andernfalls erfolgt eine Anpassung des Gesamtpreises des Aufenthalts.<\/li>\n<\/ul>\n<\/li>\n<\/ul>\n<p>[\/et_pb_text][\/et_pb_column][\/et_pb_row][\/et_pb_section]<\/p>\n","protected":false},"excerpt":{"rendered":"<p>Stornierungsbedingungen <nav aria-label=\"breadcrumbs\" class=\"rank-math-breadcrumb\"><p><span class=\"last\">Inicio<\/span><\/p><\/nav>Bei einer Reservierung im Cuevas el Torriblanco per E-Mail, Telefon oder direkt akzeptiert der Kunde die Stornierungsbedingungen und das Nichterscheinen. Die Stornierungsbedingungen gelten f\u00fcr alle Stornierungen, die innerhalb von 30 Tagen vor dem Betreten der H\u00f6hlen oder w\u00e4hrend des Aufenthalts des Kunden ohne Einhaltung der reservierten N\u00e4chte erfolgen. Sobald die oben erl\u00e4uterten Richtlinien erf\u00fcllt [&hellip;]<\/p>\n","protected":false},"author":1,"featured_media":0,"parent":0,"menu_order":0,"comment_status":"closed","ping_status":"closed","template":"","meta":{"_et_pb_use_builder":"on","_et_pb_old_content":"","_et_gb_content_width":"","footnotes":""},"class_list":["post-1917","page","type-page","status-publish","hentry"],"_links":{"self":[{"href":"https:\/\/cuevaseltorriblanco.com\/de\/wp-json\/wp\/v2\/pages\/1917","targetHints":{"allow":["GET"]}}],"collection":[{"href":"https:\/\/cuevaseltorriblanco.com\/de\/wp-json\/wp\/v2\/pages"}],"about":[{"href":"https:\/\/cuevaseltorriblanco.com\/de\/wp-json\/wp\/v2\/types\/page"}],"author":[{"embeddable":true,"href":"https:\/\/cuevaseltorriblanco.com\/de\/wp-json\/wp\/v2\/users\/1"}],"replies":[{"embeddable":true,"href":"https:\/\/cuevaseltorriblanco.com\/de\/wp-json\/wp\/v2\/comments?post=1917"}],"version-history":[{"count":0,"href":"https:\/\/cuevaseltorriblanco.com\/de\/wp-json\/wp\/v2\/pages\/1917\/revisions"}],"wp:attachment":[{"href":"https:\/\/cuevaseltorriblanco.com\/de\/wp-json\/wp\/v2\/media?parent=1917"}],"curies":[{"name":"wp","href":"https:\/\/api.w.org\/{rel}","templated":true}]}}