{"id":1966,"date":"2019-05-28T10:19:01","date_gmt":"2019-05-28T08:19:01","guid":{"rendered":"https:\/\/cuevaseltorriblanco.com\/tourisme-ornithologique\/"},"modified":"2024-04-11T11:08:54","modified_gmt":"2024-04-11T09:08:54","slug":"tourisme-ornithologique","status":"publish","type":"page","link":"https:\/\/cuevaseltorriblanco.com\/fr\/tourisme-a-gorafe\/tourisme-ornithologique\/","title":{"rendered":"Tourisme ornithologique"},"content":{"rendered":"<p>[et_pb_section bb_built=\u00a0\u00bb1&Prime; admin_label=\u00a0\u00bbHeader\u00a0\u00bb module_class=\u00a0\u00bbseccion seccion-ornitologia cabecera-ornitologia\u00a0\u00bb _builder_version=\u00a0\u00bb3.23.3&Prime; use_background_color_gradient=\u00a0\u00bbon\u00a0\u00bb background_color_gradient_start=\u00a0\u00bbrgba(255,255,255,0.7)\u00a0\u00bb background_color_gradient_end=\u00a0\u00bbrgba(255,255,255,0)\u00a0\u00bb background_color_gradient_type=\u00a0\u00bbradial\u00a0\u00bb background_color_gradient_direction_radial=\u00a0\u00bbtop left\u00a0\u00bb background_color_gradient_start_position=\u00a0\u00bb30%\u00a0\u00bb background_color_gradient_end_position=\u00a0\u00bb80%\u00a0\u00bb background_color_gradient_overlays_image=\u00a0\u00bbon\u00a0\u00bb background_image=\u00a0\u00bbhttps:\/\/cuevaseltorriblanco.com\/wp-content\/uploads\/2019\/04\/bg-pajaros.jpg\u00a0\u00bb background_position=\u00a0\u00bbtop_center\u00a0\u00bb inner_width_tablet=\u00a0\u00bb50px\u00a0\u00bb inner_max_width_tablet=\u00a0\u00bb50px\u00a0\u00bb custom_padding=\u00a0\u00bb8vw|0px|0|0px|false|false\u00a0\u00bb z_index_tablet=\u00a0\u00bb500&Prime; locked=\u00a0\u00bboff\u00a0\u00bb next_background_color=\u00a0\u00bb#ffffff\u00a0\u00bb][et_pb_row _builder_version=\u00a0\u00bb3.22.4&Prime;][et_pb_column type=\u00a0\u00bb4_4&Prime;][et_pb_text admin_label=\u00a0\u00bbT\u00edtulo\u00a0\u00bb _builder_version=\u00a0\u00bb3.23.3&Prime; header_font=\u00a0\u00bbRaleway|700|||||||\u00a0\u00bb header_font_size=\u00a0\u00bb80px\u00a0\u00bb header_line_height=\u00a0\u00bb1.2em\u00a0\u00bb header_5_font=\u00a0\u00bbRaleway|700||on|||||\u00a0\u00bb header_5_text_color=\u00a0\u00bb#000000&Prime; header_5_font_size=\u00a0\u00bb20px\u00a0\u00bb header_5_letter_spacing=\u00a0\u00bb0.5em\u00a0\u00bb header_5_line_height=\u00a0\u00bb1.8em\u00a0\u00bb z_index_tablet=\u00a0\u00bb500&Prime; header_font_size_tablet=\u00a0\u00bb48px\u00a0\u00bb header_font_size_phone=\u00a0\u00bb32px\u00a0\u00bb header_font_size_last_edited=\u00a0\u00bbon|phone\u00a0\u00bb header_5_font_size_tablet=\u00a0\u00bb14px\u00a0\u00bb header_5_font_size_phone=\u00a0\u00bb12px\u00a0\u00bb header_5_font_size_last_edited=\u00a0\u00bbon|desktop\u00a0\u00bb]<\/p>\n<p>ORNITHOLOGIE<\/p>\n<h1>Tourisme ornithologique<\/h1>\n<p>[\/et_pb_text][et_pb_code _builder_version=\u00a0\u00bb3.22.4&Prime; z_index_tablet=\u00a0\u00bb500&Prime;]<pee><nav aria-label=\"breadcrumbs\" class=\"rank-math-breadcrumb\"><p><span class=\"last\">Inicio<\/span><\/p><\/nav><\/pee>[\/et_pb_code][\/et_pb_column][\/et_pb_row][et_pb_row use_custom_gutter=\u00a0\u00bbon\u00a0\u00bb custom_padding=\u00a0\u00bb0px|0px|0px|15vw\u00a0\u00bb custom_padding_tablet=\u00a0\u00bb|||10vw\u00a0\u00bb custom_margin=\u00a0\u00bb8vw|||\u00a0\u00bb make_equal=\u00a0\u00bbon\u00a0\u00bb custom_padding_last_edited=\u00a0\u00bbon|desktop\u00a0\u00bb padding_top_1=\u00a0\u00bb37px\u00a0\u00bb padding_top_2=\u00a0\u00bb37px\u00a0\u00bb padding_top_3=\u00a0\u00bb37px\u00a0\u00bb padding_top_4=\u00a0\u00bb37px\u00a0\u00bb padding_bottom_1=\u00a0\u00bb37px\u00a0\u00bb padding_bottom_2=\u00a0\u00bb37px\u00a0\u00bb padding_bottom_3=\u00a0\u00bb37px\u00a0\u00bb padding_bottom_4=\u00a0\u00bb37px\u00a0\u00bb padding_1_tablet=\u00a0\u00bb40px|||\u00a0\u00bb padding_2_tablet=\u00a0\u00bb40px|||\u00a0\u00bb padding_3_tablet=\u00a0\u00bb40px|||\u00a0\u00bb padding_4_tablet=\u00a0\u00bb20px||20px||true\u00a0\u00bb padding_1_phone=\u00a0\u00bb20px|||\u00a0\u00bb padding_2_phone=\u00a0\u00bb20px|||\u00a0\u00bb padding_3_phone=\u00a0\u00bb20px|||\u00a0\u00bb padding_1_last_edited=\u00a0\u00bboff|desktop\u00a0\u00bb padding_2_last_edited=\u00a0\u00bboff|desktop\u00a0\u00bb padding_3_last_edited=\u00a0\u00bboff|desktop\u00a0\u00bb padding_4_last_edited=\u00a0\u00bboff|desktop\u00a0\u00bb module_class_1=\u00a0\u00bbdato\u00a0\u00bb module_class_2=\u00a0\u00bbdato\u00a0\u00bb module_class_3=\u00a0\u00bbdato\u00a0\u00bb module_class_4=\u00a0\u00bbdato\u00a0\u00bb module_class=\u00a0\u00bbdatos-contacto\u00a0\u00bb _builder_version=\u00a0\u00bb3.22.4&Prime; background_color=\u00a0\u00bb#ffffff\u00a0\u00bb width=\u00a0\u00bb90%\u00a0\u00bb width_phone=\u00a0\u00bb50px\u00a0\u00bb max_width=\u00a0\u00bb90%\u00a0\u00bb max_width_phone=\u00a0\u00bb1280px\u00a0\u00bb module_alignment=\u00a0\u00bbleft\u00a0\u00bb animation_style=\u00a0\u00bbslide\u00a0\u00bb animation_direction=\u00a0\u00bbleft\u00a0\u00bb animation_intensity_slide=\u00a0\u00bb5%\u00a0\u00bb z_index_tablet=\u00a0\u00bb500&Prime; locked=\u00a0\u00bboff\u00a0\u00bb][et_pb_column type=\u00a0\u00bb1_4&Prime;][et_pb_blurb admin_label=\u00a0\u00bbGorafe (Granada)\u00a0\u00bb title=\u00a0\u00bbGorafe (Granada)\u00a0\u00bb image=\u00a0\u00bbhttps:\/\/cuevaseltorriblanco.com\/wp-content\/uploads\/2019\/04\/icon-mark-cont.png\u00a0\u00bb icon_placement=\u00a0\u00bbleft\u00a0\u00bb icon_font_size=\u00a0\u00bb24px\u00a0\u00bb _builder_version=\u00a0\u00bb3.22.4&Prime; header_level=\u00a0\u00bbh5&Prime; header_font=\u00a0\u00bbRaleway|700|||||||\u00a0\u00bb header_line_height=\u00a0\u00bb1.4em\u00a0\u00bb z_index_tablet=\u00a0\u00bb500&Prime; locked=\u00a0\u00bboff\u00a0\u00bb]<\/p>\n<p><\/p>\n<p>[\/et_pb_blurb][\/et_pb_column][et_pb_column type=\u00a0\u00bb1_4&Prime;][et_pb_blurb admin_label=\u00a0\u00bbM\u00e1s de 50 aves\u00a0\u00bb title=\u00a0\u00bbPlus de 50 oiseaux\u00a0\u00bb image=\u00a0\u00bbhttps:\/\/cuevaseltorriblanco.com\/wp-content\/uploads\/2019\/04\/icon-ornitologia-01.png\u00a0\u00bb icon_placement=\u00a0\u00bbleft\u00a0\u00bb icon_font_size=\u00a0\u00bb24px\u00a0\u00bb _builder_version=\u00a0\u00bb3.22.4&Prime; header_level=\u00a0\u00bbh5&Prime; header_font=\u00a0\u00bbRaleway|700|||||||\u00a0\u00bb header_line_height=\u00a0\u00bb1.4em\u00a0\u00bb z_index_tablet=\u00a0\u00bb500&Prime; locked=\u00a0\u00bboff\u00a0\u00bb]<\/p>\n<p><\/p>\n<p>[\/et_pb_blurb][\/et_pb_column][et_pb_column type=\u00a0\u00bb1_4&Prime;][et_pb_blurb admin_label=\u00a0\u00bbRutas Ornitol\u00f3gicas\u00a0\u00bb title=\u00a0\u00bbItin\u00e9raires ornithologiques\u00a0\u00bb image=\u00a0\u00bbhttps:\/\/cuevaseltorriblanco.com\/wp-content\/uploads\/2019\/04\/icon-ornitologia-02.png\u00a0\u00bb icon_placement=\u00a0\u00bbleft\u00a0\u00bb icon_font_size=\u00a0\u00bb24px\u00a0\u00bb _builder_version=\u00a0\u00bb3.22.4&Prime; header_level=\u00a0\u00bbh5&Prime; header_font=\u00a0\u00bbRaleway|700|||||||\u00a0\u00bb header_line_height=\u00a0\u00bb1.4em\u00a0\u00bb z_index_tablet=\u00a0\u00bb500&Prime; locked=\u00a0\u00bboff\u00a0\u00bb]<\/p>\n<p><\/p>\n<p>[\/et_pb_blurb][\/et_pb_column][et_pb_column type=\u00a0\u00bb1_4&Prime;][et_pb_blurb admin_label=\u00a0\u00bbRutas Ornitol\u00f3gicas\u00a0\u00bb title=\u00a0\u00bbExcursions\u00a0\u00bb image=\u00a0\u00bbhttps:\/\/cuevaseltorriblanco.com\/wp-content\/uploads\/2019\/04\/icon-ornitologia-03.png\u00a0\u00bb icon_placement=\u00a0\u00bbleft\u00a0\u00bb icon_font_size=\u00a0\u00bb24px\u00a0\u00bb _builder_version=\u00a0\u00bb3.22.4&Prime; header_level=\u00a0\u00bbh5&Prime; header_font=\u00a0\u00bbRaleway|700|||||||\u00a0\u00bb header_line_height=\u00a0\u00bb1.4em\u00a0\u00bb z_index_tablet=\u00a0\u00bb500&Prime;]<\/p>\n<p><\/p>\n<p>[\/et_pb_blurb][\/et_pb_column][\/et_pb_row][\/et_pb_section][et_pb_section bb_built=\u00a0\u00bb1&Prime; module_class=\u00a0\u00bbseccion seccion-ornitologia info-ornitologia\u00a0\u00bb _builder_version=\u00a0\u00bb3.22.4&Prime; z_index_tablet=\u00a0\u00bb500&Prime; prev_background_color=\u00a0\u00bb#000000&Prime; next_background_color=\u00a0\u00bb#000000&Prime;][et_pb_row _builder_version=\u00a0\u00bb3.22.3&Prime; background_size=\u00a0\u00bbinitial\u00a0\u00bb background_position=\u00a0\u00bbtop_left\u00a0\u00bb background_repeat=\u00a0\u00bbrepeat\u00a0\u00bb][et_pb_column type=\u00a0\u00bb4_4&Prime;][et_pb_text admin_label=\u00a0\u00bbQu\u00e9 puedes ver\u00a0\u00bb _builder_version=\u00a0\u00bb3.22.4&Prime; header_2_font=\u00a0\u00bbRaleway|700|||||||\u00a0\u00bb header_2_font_size=\u00a0\u00bb50&Prime; z_index_tablet=\u00a0\u00bb500&Prime;]<\/p>\n<p style=\"text-align: center;\"><strong>DES OISEAUX<\/strong><\/p>\n<h2 style=\"text-align: center;\">Qu&rsquo;est ce que vous pouvez d\u00e9couvrir?<\/h2>\n<p style=\"text-align: center;\">La r\u00e9gion o\u00f9 se trouvent les grottes est l\u2019un des meilleurs endroits en Andalousie, o\u00f9 vous pourrez des oiseaux de steppe et, dans une moindre mesure, des oiseaux rupicoles et riverains .Les plus courantes sont : l&rsquo;outarde canepeti\u00e8re, le courlis de terre, le ganga unibande, le moqueur plomb\u00e9, l&rsquo;alouette calandrelle, l&rsquo;alouette pispolette (tr\u00e8s commun dans cette r\u00e9gion), le cochevis de Th\u00e9kla, le cochevis hupp\u00e9, le sirli de Dupont (population isol\u00e9e), le traquet oreillard, motteux et rieur (tr\u00e8s abondant), le rollier et le gu\u00eapier (abondant). Il y a aussi une remarquable population de roselin githagine.<\/p>\n<p style=\"text-align: center;\">On peut trouver aussi une diversit\u00e9 des oiseaux de proie tels que le busard cendr\u00e9, l&rsquo;aigle royal, l&rsquo;aigle de Bonelli, le circa\u00e8te Jean-le-blanc, le faucon p\u00e8lerin, faucon cr\u00e9cerelle et l&rsquo;hibou grand-duc. Cette r\u00e9gion est aussi le domaine d&rsquo;alimentation des vautours fauves et des percnopt\u00e8res qui font partie de la population du parc naturel des cha\u00eenes montagneuses de Cazorla, Segura et Las Villas. Il y a aussi une importante pr\u00e9sence du crave \u00e0 bec rouge, hirondelle de rochers, hirondelle rousseline, agrobate roux, accenteur alpin (en hiver), monticole bleu, fauvette orph\u00e9e, fauvette m\u00e9lanoc\u00e9phale, fauvette \u00e0 lunettes, fauvette passerinette, fauvette pitchou, pie-gri\u00e8che \u00e0 t\u00eate rousse (tr\u00e8s abondant), pie-gri\u00e8che grise (abondant), \u00e9tourneau unicolore, moineau soulcie (tr\u00e8s abondant), engoulevent \u00e0 collier rouge et bruant fou.<\/p>\n<p>[\/et_pb_text][\/et_pb_column][\/et_pb_row][\/et_pb_section][et_pb_section bb_built=\u00a0\u00bb1&Prime; _builder_version=\u00a0\u00bb3.22.4&Prime; inner_width_tablet=\u00a0\u00bb50px\u00a0\u00bb inner_max_width_tablet=\u00a0\u00bb50px\u00a0\u00bb z_index_tablet=\u00a0\u00bb500&Prime; prev_background_color=\u00a0\u00bb#000000&Prime; next_background_color=\u00a0\u00bb#000000&Prime;][et_pb_row _builder_version=\u00a0\u00bb3.22.3&Prime; background_size=\u00a0\u00bbinitial\u00a0\u00bb background_position=\u00a0\u00bbtop_left\u00a0\u00bb background_repeat=\u00a0\u00bbrepeat\u00a0\u00bb][et_pb_column type=\u00a0\u00bb4_4&Prime;]<\/p>\n<p>[et_pb_video src=\u00a0\u00bbhttps:\/\/www.youtube.com\/watch?v=_lyIfXhVXZU&amp;t=94s\u00a0\u00bb image_src=\u00a0\u00bbhttps:\/\/cuevaseltorriblanco.com\/wp-content\/uploads\/2019\/04\/pajaro001.png\u00a0\u00bb _builder_version=\u00a0\u00bb3.22.4&Prime; z_index_tablet=\u00a0\u00bb500&Prime;] <br \/>[\/et_pb_video]<\/p>\n<p>[\/et_pb_column][\/et_pb_row][et_pb_row _builder_version=\u00a0\u00bb3.22.3&Prime; background_size=\u00a0\u00bbinitial\u00a0\u00bb background_position=\u00a0\u00bbtop_left\u00a0\u00bb background_repeat=\u00a0\u00bbrepeat\u00a0\u00bb][et_pb_column type=\u00a0\u00bb1_5&Prime;][et_pb_image src=\u00a0\u00bbhttps:\/\/cuevaseltorriblanco.com\/wp-content\/uploads\/2019\/04\/pajaro001.png\u00a0\u00bb show_in_lightbox=\u00a0\u00bbon\u00a0\u00bb align_tablet=\u00a0\u00bbcenter\u00a0\u00bb align_last_edited=\u00a0\u00bbon|desktop\u00a0\u00bb _builder_version=\u00a0\u00bb3.23&Prime; z_index_tablet=\u00a0\u00bb500&Prime;]<\/p>\n<p><\/p>\n<p>[\/et_pb_image][\/et_pb_column][et_pb_column type=\u00a0\u00bb1_5&Prime;][et_pb_image src=\u00a0\u00bbhttps:\/\/cuevaseltorriblanco.com\/wp-content\/uploads\/2019\/04\/pajaro003.png\u00a0\u00bb show_in_lightbox=\u00a0\u00bbon\u00a0\u00bb align_tablet=\u00a0\u00bbcenter\u00a0\u00bb align_last_edited=\u00a0\u00bbon|desktop\u00a0\u00bb _builder_version=\u00a0\u00bb3.23&Prime; z_index_tablet=\u00a0\u00bb500&Prime;]<\/p>\n<p><\/p>\n<p>[\/et_pb_image][\/et_pb_column][et_pb_column type=\u00a0\u00bb1_5&Prime;][et_pb_image src=\u00a0\u00bbhttps:\/\/cuevaseltorriblanco.com\/wp-content\/uploads\/2019\/06\/Curruca-rabilarga-Sylvia-undata..jpg\u00a0\u00bb show_in_lightbox=\u00a0\u00bbon\u00a0\u00bb align_tablet=\u00a0\u00bbcenter\u00a0\u00bb align_last_edited=\u00a0\u00bbon|desktop\u00a0\u00bb _builder_version=\u00a0\u00bb3.24.1&Prime; z_index_tablet=\u00a0\u00bb500&Prime; box_shadow_horizontal_tablet=\u00a0\u00bb0px\u00a0\u00bb box_shadow_vertical_tablet=\u00a0\u00bb0px\u00a0\u00bb box_shadow_blur_tablet=\u00a0\u00bb40px\u00a0\u00bb box_shadow_spread_tablet=\u00a0\u00bb0px\u00a0\u00bb]<\/p>\n<p><\/p>\n<p>[\/et_pb_image][\/et_pb_column][et_pb_column type=\u00a0\u00bb1_5&Prime;][et_pb_image src=\u00a0\u00bbhttps:\/\/cuevaseltorriblanco.com\/wp-content\/uploads\/2019\/04\/pajaro002.png\u00a0\u00bb show_in_lightbox=\u00a0\u00bbon\u00a0\u00bb align_tablet=\u00a0\u00bbcenter\u00a0\u00bb align_last_edited=\u00a0\u00bbon|desktop\u00a0\u00bb _builder_version=\u00a0\u00bb3.23&Prime; z_index_tablet=\u00a0\u00bb500&Prime;]<\/p>\n<p><\/p>\n<p>[\/et_pb_image][\/et_pb_column][et_pb_column type=\u00a0\u00bb1_5&Prime;][et_pb_image src=\u00a0\u00bbhttps:\/\/cuevaseltorriblanco.com\/wp-content\/uploads\/2019\/04\/pajaro001.png\u00a0\u00bb show_in_lightbox=\u00a0\u00bbon\u00a0\u00bb align_tablet=\u00a0\u00bbcenter\u00a0\u00bb align_last_edited=\u00a0\u00bbon|desktop\u00a0\u00bb _builder_version=\u00a0\u00bb3.23&Prime; z_index_tablet=\u00a0\u00bb500&Prime;]<\/p>\n<p><\/p>\n<p>[\/et_pb_image][\/et_pb_column][\/et_pb_row][\/et_pb_section][et_pb_section bb_built=\u00a0\u00bb1&Prime; admin_label=\u00a0\u00bbReservations\u00a0\u00bb module_class=\u00a0\u00bbseccion-home seccion cta-home\u00a0\u00bb _builder_version=\u00a0\u00bb3.22.4&Prime; use_background_color_gradient=\u00a0\u00bbon\u00a0\u00bb background_color_gradient_start=\u00a0\u00bb#2f3a44&Prime; background_color_gradient_end=\u00a0\u00bbrgba(38,46,53,0)\u00a0\u00bb background_color_gradient_direction=\u00a0\u00bb150deg\u00a0\u00bb background_color_gradient_start_position=\u00a0\u00bb25%\u00a0\u00bb background_color_gradient_overlays_image=\u00a0\u00bbon\u00a0\u00bb background_image=\u00a0\u00bbhttps:\/\/cuevaseltorriblanco.com\/wp-content\/uploads\/2019\/04\/bg-habitat.jpg\u00a0\u00bb inner_width_tablet=\u00a0\u00bb50px\u00a0\u00bb inner_max_width_tablet=\u00a0\u00bb50px\u00a0\u00bb custom_padding=\u00a0\u00bb140px|0px|300px|0px|false|false\u00a0\u00bb z_index_tablet=\u00a0\u00bb500&Prime; prev_background_color=\u00a0\u00bb#ffffff\u00a0\u00bb next_background_color=\u00a0\u00bb#ffffff\u00a0\u00bb][et_pb_row use_custom_gutter=\u00a0\u00bbon\u00a0\u00bb make_equal=\u00a0\u00bbon\u00a0\u00bb padding_2_tablet=\u00a0\u00bb0px||0px||true\u00a0\u00bb _builder_version=\u00a0\u00bb3.22.3&Prime;][et_pb_column type=\u00a0\u00bb4_4&Prime;][et_pb_text admin_label=\u00a0\u00bbVisita las cuevas Torriblanco\u00a0\u00bb _builder_version=\u00a0\u00bb3.22.4&Prime; text_line_height=\u00a0\u00bb2em\u00a0\u00bb header_2_font=\u00a0\u00bbRaleway|700|||||||\u00a0\u00bb header_2_font_size=\u00a0\u00bb50px\u00a0\u00bb header_2_line_height=\u00a0\u00bb1.2em\u00a0\u00bb header_6_font=\u00a0\u00bbRaleway|700||on|||||\u00a0\u00bb header_6_font_size=\u00a0\u00bb16px\u00a0\u00bb header_6_letter_spacing=\u00a0\u00bb5px\u00a0\u00bb header_6_line_height=\u00a0\u00bb1.8em\u00a0\u00bb background_layout=\u00a0\u00bbdark\u00a0\u00bb max_width_last_edited=\u00a0\u00bbon|desktop\u00a0\u00bb z_index_tablet=\u00a0\u00bb500&Prime; header_2_font_size_tablet=\u00a0\u00bb35px\u00a0\u00bb header_2_font_size_phone=\u00a0\u00bb25px\u00a0\u00bb header_2_font_size_last_edited=\u00a0\u00bbon|phone\u00a0\u00bb locked=\u00a0\u00bboff\u00a0\u00bb]<\/p>\n<p>HABITAT<\/p>\n<h2>Statut de l&rsquo;habitat<\/h2>\n<p>[\/et_pb_text][\/et_pb_column][\/et_pb_row][\/et_pb_section][et_pb_section bb_built=\u00a0\u00bb1&Prime; admin_label=\u00a0\u00bbContact Info\u00a0\u00bb module_class=\u00a0\u00bbseccion-home seccion contacto-home\u00a0\u00bb _builder_version=\u00a0\u00bb3.22.4&Prime; background_color=\u00a0\u00bb#ffffff\u00a0\u00bb border_color_all=\u00a0\u00bb#ffffff\u00a0\u00bb border_width_left=\u00a0\u00bb10vw\u00a0\u00bb max_width=\u00a0\u00bb90%\u00a0\u00bb max_width_phone=\u00a0\u00bb100%\u00a0\u00bb max_width_last_edited=\u00a0\u00bbon|phone\u00a0\u00bb inner_width_tablet=\u00a0\u00bb50px\u00a0\u00bb inner_max_width_tablet=\u00a0\u00bb50px\u00a0\u00bb custom_margin=\u00a0\u00bb-160px|||\u00a0\u00bb custom_padding=\u00a0\u00bb||4vw|\u00a0\u00bb z_index_tablet=\u00a0\u00bb500&Prime; prev_background_color=\u00a0\u00bb#000000&Prime;][et_pb_row _builder_version=\u00a0\u00bb3.22.3&Prime; custom_width_px=\u00a0\u00bb800px\u00a0\u00bb][et_pb_column type=\u00a0\u00bb4_4&Prime;][et_pb_text admin_label=\u00a0\u00bbTexto h\u00e1bitat\u00a0\u00bb _builder_version=\u00a0\u00bb3.22.4&Prime; z_index_tablet=\u00a0\u00bb500&Prime;]<\/p>\n<p style=\"text-align: center;\">D\u00e9pressions semi-arides ; rivi\u00e8res et ruisseaux ; ravins et falaises et hautes terres avec des cultures de c\u00e9r\u00e9ales. D\u00e9pression entre les cha\u00eenes montagneuses de Baetic, situ\u00e9es au nord de la Sierra de Baza et de la Sierra Nevada, au climat semi-aride (moins de 300 mm de pluie par an). Altitude entre 650 et 1400 m.<\/p>\n<p style=\"text-align: center;\">Des plaines avec des cultures c\u00e9r\u00e9ali\u00e8res, dans lesquelles apparaissent des ravins et des ravins argileux, avec de vastes \u00e9tendues de sparte herbac\u00e9 et quelques p\u00e2turages de ch\u00eanes verts qui lui donnent l\u2019apparence d\u2019une savane. Restes de for\u00eats de pins d&rsquo;Alep.<\/p>\n<p>[\/et_pb_text][\/et_pb_column][\/et_pb_row][\/et_pb_section]<\/p>\n","protected":false},"excerpt":{"rendered":"<p>ORNITHOLOGIETourisme ornithologique <nav aria-label=\"breadcrumbs\" class=\"rank-math-breadcrumb\"><p><span class=\"last\">Inicio<\/span><\/p><\/nav> DES OISEAUX Qu&rsquo;est ce que vous pouvez d\u00e9couvrir? La r\u00e9gion o\u00f9 se trouvent les grottes est l\u2019un des meilleurs endroits en Andalousie, o\u00f9 vous pourrez des oiseaux de steppe et, dans une moindre mesure, des oiseaux rupicoles et riverains .Les plus courantes sont : l&rsquo;outarde canepeti\u00e8re, le courlis de terre, le ganga [&hellip;]<\/p>\n","protected":false},"author":1,"featured_media":0,"parent":1975,"menu_order":0,"comment_status":"closed","ping_status":"closed","template":"","meta":{"_et_pb_use_builder":"on","_et_pb_old_content":"","_et_gb_content_width":"","footnotes":""},"class_list":["post-1966","page","type-page","status-publish","hentry"],"_links":{"self":[{"href":"https:\/\/cuevaseltorriblanco.com\/fr\/wp-json\/wp\/v2\/pages\/1966","targetHints":{"allow":["GET"]}}],"collection":[{"href":"https:\/\/cuevaseltorriblanco.com\/fr\/wp-json\/wp\/v2\/pages"}],"about":[{"href":"https:\/\/cuevaseltorriblanco.com\/fr\/wp-json\/wp\/v2\/types\/page"}],"author":[{"embeddable":true,"href":"https:\/\/cuevaseltorriblanco.com\/fr\/wp-json\/wp\/v2\/users\/1"}],"replies":[{"embeddable":true,"href":"https:\/\/cuevaseltorriblanco.com\/fr\/wp-json\/wp\/v2\/comments?post=1966"}],"version-history":[{"count":0,"href":"https:\/\/cuevaseltorriblanco.com\/fr\/wp-json\/wp\/v2\/pages\/1966\/revisions"}],"up":[{"embeddable":true,"href":"https:\/\/cuevaseltorriblanco.com\/fr\/wp-json\/wp\/v2\/pages\/1975"}],"wp:attachment":[{"href":"https:\/\/cuevaseltorriblanco.com\/fr\/wp-json\/wp\/v2\/media?parent=1966"}],"curies":[{"name":"wp","href":"https:\/\/api.w.org\/{rel}","templated":true}]}}