{"id":1991,"date":"2019-05-28T10:47:02","date_gmt":"2019-05-28T08:47:02","guid":{"rendered":"https:\/\/cuevaseltorriblanco.com\/politique-dannulation\/"},"modified":"2019-06-06T17:11:14","modified_gmt":"2019-06-06T15:11:14","slug":"politique-dannulation","status":"publish","type":"page","link":"https:\/\/cuevaseltorriblanco.com\/fr\/politique-dannulation\/","title":{"rendered":"Politique d&rsquo;annulation"},"content":{"rendered":"<p>[et_pb_section fb_built=\u00a0\u00bb1&Prime; admin_label=\u00a0\u00bbHeader\u00a0\u00bb module_class=\u00a0\u00bbseccion seccion-blog portada-blog\u00a0\u00bb _builder_version=\u00a0\u00bb3.23.3&Prime; background_color=\u00a0\u00bb#ffc857&Prime; background_color_gradient_direction_radial=\u00a0\u00bbtop left\u00a0\u00bb box_shadow_style=\u00a0\u00bbpreset3&Prime; box_shadow_horizontal=\u00a0\u00bb2px\u00a0\u00bb inner_width_tablet=\u00a0\u00bb50px\u00a0\u00bb inner_max_width_tablet=\u00a0\u00bb50px\u00a0\u00bb custom_padding=\u00a0\u00bb2vw|0px|2vw|0px\u00a0\u00bb z_index_tablet=\u00a0\u00bb500&Prime;][et_pb_row _builder_version=\u00a0\u00bb3.23.3&Prime;][et_pb_column type=\u00a0\u00bb4_4&Prime; _builder_version=\u00a0\u00bb3.0.47&Prime;][et_pb_text admin_label=\u00a0\u00bbT\u00edtulo \u00a0\u00bb _builder_version=\u00a0\u00bb3.23.3&Prime; header_font=\u00a0\u00bbRaleway|700|||||||\u00a0\u00bb header_font_size=\u00a0\u00bb80px\u00a0\u00bb header_line_height=\u00a0\u00bb1.2em\u00a0\u00bb header_5_font=\u00a0\u00bbRaleway|700||on|||||\u00a0\u00bb header_5_text_color=\u00a0\u00bb#000000&Prime; header_5_font_size=\u00a0\u00bb20px\u00a0\u00bb header_5_letter_spacing=\u00a0\u00bb0.5em\u00a0\u00bb header_5_line_height=\u00a0\u00bb1.8em\u00a0\u00bb z_index_tablet=\u00a0\u00bb500&Prime; header_font_size_tablet=\u00a0\u00bb48px\u00a0\u00bb header_font_size_phone=\u00a0\u00bb32px\u00a0\u00bb header_font_size_last_edited=\u00a0\u00bbon|phone\u00a0\u00bb header_5_font_size_tablet=\u00a0\u00bb14px\u00a0\u00bb header_5_font_size_phone=\u00a0\u00bb12px\u00a0\u00bb header_5_font_size_last_edited=\u00a0\u00bbon|desktop\u00a0\u00bb]<\/p>\n<h1>Politique d&rsquo;annulation<\/h1>\n<p>[\/et_pb_text][et_pb_code _builder_version=\u00a0\u00bb3.22.4&Prime; z_index_tablet=\u00a0\u00bb500&Prime;]<nav aria-label=\"breadcrumbs\" class=\"rank-math-breadcrumb\"><p><span class=\"last\">Inicio<\/span><\/p><\/nav>[\/et_pb_code][\/et_pb_column][\/et_pb_row][\/et_pb_section][et_pb_section fb_built=\u00a0\u00bb1&Prime; admin_label=\u00a0\u00bbBlog\u00a0\u00bb module_class=\u00a0\u00bbseccion seccion-blog contenido-blog\u00a0\u00bb _builder_version=\u00a0\u00bb3.22.4&Prime; background_color=\u00a0\u00bb#ffffff\u00a0\u00bb border_color_all=\u00a0\u00bb#ffffff\u00a0\u00bb border_width_left=\u00a0\u00bb10vw\u00a0\u00bb max_width=\u00a0\u00bb100%\u00a0\u00bb max_width_last_edited=\u00a0\u00bbon|desktop\u00a0\u00bb inner_width_tablet=\u00a0\u00bb50px\u00a0\u00bb inner_max_width_tablet=\u00a0\u00bb50px\u00a0\u00bb z_index_tablet=\u00a0\u00bb500&Prime;][et_pb_row _builder_version=\u00a0\u00bb3.22.3&Prime;][et_pb_column type=\u00a0\u00bb4_4&Prime; _builder_version=\u00a0\u00bb3.0.47&Prime;][et_pb_text _builder_version=\u00a0\u00bb3.22.4&Prime; z_index_tablet=\u00a0\u00bb500&Prime;]Lorsqu&rsquo;il effectue une r\u00e9servation dans les Cuevas el Torriblanco par courrier, par t\u00e9l\u00e9phone ou directement en personne, le client accepte ses conditions d&rsquo;annulation et de non-pr\u00e9sentation (no show).<\/p>\n<p>La politique d&rsquo;annulation s&rsquo;applique \u00e0 toutes les annulations effectu\u00e9es pendant les trente jours pr\u00e9c\u00e9dant l&rsquo;entr\u00e9e dans les grottes ou pendant le s\u00e9jour du client, sans avoir respect\u00e9 les nuits r\u00e9serv\u00e9es. Une fois dans la politique expliqu\u00e9e ci-dessus, aucun changement ou remboursement ne peut \u00eatre effectu\u00e9.<\/p>\n<ul>\n<li>Validit\u00e9 : Il s&rsquo;applique pendant tous les mois de l&rsquo;ann\u00e9e..<\/li>\n<li>Virement bancaire : il est accept\u00e9 comme garantie de la r\u00e9servation.<\/li>\n<li>Conditions de paiement :\n<ul>\n<li>30% pour faire la r\u00e9servation et bloquer les dates pour votre groupe.<\/li>\n<li>70% \u00e0 l&rsquo;arriv\u00e9e \u00e0 l&rsquo;h\u00e9bergement, en esp\u00e8ces.<\/li>\n<\/ul>\n<\/li>\n<li>Annulation totale:\n<ul>\n<li>Si l&rsquo;annulation est faite jusqu&rsquo;\u00e0 30 jours avant le jour de l&rsquo;arriv\u00e9e, cela signifie un remboursement de 100%.<\/li>\n<li>Si l&rsquo;annulation est faite dans les 30 jours pr\u00e9c\u00e9dant le jour de l&rsquo;arriv\u00e9e, aucun acompte ne sera rembours\u00e9 sur l&rsquo;avance de 30% n\u00e9cessaire pour effectuer la r\u00e9servation.<\/li>\n<li>Une fois que la r\u00e9servation a \u00e9t\u00e9 annul\u00e9e et que le non-remboursement de 30% du montant total a \u00e9t\u00e9 accept\u00e9, nous donnons au client la possibilit\u00e9 de s\u00e9journer \u00e0 d&rsquo;autres dates disponibles. Il aura 30% de la r\u00e9servation pr\u00e9c\u00e9dente, \u00e9tant dans la m\u00eame saison. Sinon, un r\u00e9ajustement du prix total du s\u00e9jour sera effectu\u00e9.<\/li>\n<\/ul>\n<\/li>\n<\/ul>\n<p>[\/et_pb_text][\/et_pb_column][\/et_pb_row][\/et_pb_section]<\/p>\n","protected":false},"excerpt":{"rendered":"<p>Politique d&rsquo;annulation <nav aria-label=\"breadcrumbs\" class=\"rank-math-breadcrumb\"><p><span class=\"last\">Inicio<\/span><\/p><\/nav>Lorsqu&rsquo;il effectue une r\u00e9servation dans les Cuevas el Torriblanco par courrier, par t\u00e9l\u00e9phone ou directement en personne, le client accepte ses conditions d&rsquo;annulation et de non-pr\u00e9sentation (no show). La politique d&rsquo;annulation s&rsquo;applique \u00e0 toutes les annulations effectu\u00e9es pendant les trente jours pr\u00e9c\u00e9dant l&rsquo;entr\u00e9e dans les grottes ou pendant le s\u00e9jour du client, sans [&hellip;]<\/p>\n","protected":false},"author":1,"featured_media":0,"parent":0,"menu_order":0,"comment_status":"closed","ping_status":"closed","template":"","meta":{"_et_pb_use_builder":"on","_et_pb_old_content":"","_et_gb_content_width":"","footnotes":""},"class_list":["post-1991","page","type-page","status-publish","hentry"],"_links":{"self":[{"href":"https:\/\/cuevaseltorriblanco.com\/fr\/wp-json\/wp\/v2\/pages\/1991","targetHints":{"allow":["GET"]}}],"collection":[{"href":"https:\/\/cuevaseltorriblanco.com\/fr\/wp-json\/wp\/v2\/pages"}],"about":[{"href":"https:\/\/cuevaseltorriblanco.com\/fr\/wp-json\/wp\/v2\/types\/page"}],"author":[{"embeddable":true,"href":"https:\/\/cuevaseltorriblanco.com\/fr\/wp-json\/wp\/v2\/users\/1"}],"replies":[{"embeddable":true,"href":"https:\/\/cuevaseltorriblanco.com\/fr\/wp-json\/wp\/v2\/comments?post=1991"}],"version-history":[{"count":0,"href":"https:\/\/cuevaseltorriblanco.com\/fr\/wp-json\/wp\/v2\/pages\/1991\/revisions"}],"wp:attachment":[{"href":"https:\/\/cuevaseltorriblanco.com\/fr\/wp-json\/wp\/v2\/media?parent=1991"}],"curies":[{"name":"wp","href":"https:\/\/api.w.org\/{rel}","templated":true}]}}