{"id":1993,"date":"2019-05-28T10:52:02","date_gmt":"2019-05-28T08:52:02","guid":{"rendered":"https:\/\/cuevaseltorriblanco.com\/regles-de-la-maison\/"},"modified":"2019-06-06T16:59:51","modified_gmt":"2019-06-06T14:59:51","slug":"regles-de-la-maison","status":"publish","type":"page","link":"https:\/\/cuevaseltorriblanco.com\/fr\/regles-de-la-maison\/","title":{"rendered":"R\u00e8gles de la maison"},"content":{"rendered":"<p>[et_pb_section fb_built=\u00a0\u00bb1&Prime; admin_label=\u00a0\u00bbHeader\u00a0\u00bb module_class=\u00a0\u00bbseccion seccion-blog portada-blog\u00a0\u00bb _builder_version=\u00a0\u00bb3.23.3&Prime; background_color=\u00a0\u00bb#ffc857&Prime; background_color_gradient_direction_radial=\u00a0\u00bbtop left\u00a0\u00bb box_shadow_style=\u00a0\u00bbpreset3&Prime; box_shadow_horizontal=\u00a0\u00bb2px\u00a0\u00bb inner_width_tablet=\u00a0\u00bb50px\u00a0\u00bb inner_max_width_tablet=\u00a0\u00bb50px\u00a0\u00bb custom_padding=\u00a0\u00bb2vw|0px|2vw|0px\u00a0\u00bb z_index_tablet=\u00a0\u00bb500&Prime;][et_pb_row _builder_version=\u00a0\u00bb3.23.3&Prime;][et_pb_column type=\u00a0\u00bb4_4&Prime; _builder_version=\u00a0\u00bb3.0.47&Prime;][et_pb_text admin_label=\u00a0\u00bbT\u00edtulo \u00a0\u00bb _builder_version=\u00a0\u00bb3.23.3&Prime; header_font=\u00a0\u00bbRaleway|700|||||||\u00a0\u00bb header_font_size=\u00a0\u00bb80px\u00a0\u00bb header_line_height=\u00a0\u00bb1.2em\u00a0\u00bb header_5_font=\u00a0\u00bbRaleway|700||on|||||\u00a0\u00bb header_5_text_color=\u00a0\u00bb#000000&Prime; header_5_font_size=\u00a0\u00bb20px\u00a0\u00bb header_5_letter_spacing=\u00a0\u00bb0.5em\u00a0\u00bb header_5_line_height=\u00a0\u00bb1.8em\u00a0\u00bb z_index_tablet=\u00a0\u00bb500&Prime; header_font_size_tablet=\u00a0\u00bb48px\u00a0\u00bb header_font_size_phone=\u00a0\u00bb32px\u00a0\u00bb header_font_size_last_edited=\u00a0\u00bbon|phone\u00a0\u00bb header_5_font_size_tablet=\u00a0\u00bb14px\u00a0\u00bb header_5_font_size_phone=\u00a0\u00bb12px\u00a0\u00bb header_5_font_size_last_edited=\u00a0\u00bbon|desktop\u00a0\u00bb]<\/p>\n<h1>R\u00e8gles de la maison<\/h1>\n<p>[\/et_pb_text][et_pb_code _builder_version=\u00a0\u00bb3.22.4&Prime; z_index_tablet=\u00a0\u00bb500&Prime;]<nav aria-label=\"breadcrumbs\" class=\"rank-math-breadcrumb\"><p><span class=\"last\">Inicio<\/span><\/p><\/nav>[\/et_pb_code][\/et_pb_column][\/et_pb_row][\/et_pb_section][et_pb_section fb_built=\u00a0\u00bb1&Prime; admin_label=\u00a0\u00bbBlog\u00a0\u00bb module_class=\u00a0\u00bbseccion seccion-blog contenido-blog\u00a0\u00bb _builder_version=\u00a0\u00bb3.22.4&Prime; background_color=\u00a0\u00bb#ffffff\u00a0\u00bb border_color_all=\u00a0\u00bb#ffffff\u00a0\u00bb border_width_left=\u00a0\u00bb10vw\u00a0\u00bb max_width=\u00a0\u00bb100%\u00a0\u00bb max_width_last_edited=\u00a0\u00bbon|desktop\u00a0\u00bb inner_width_tablet=\u00a0\u00bb50px\u00a0\u00bb inner_max_width_tablet=\u00a0\u00bb50px\u00a0\u00bb z_index_tablet=\u00a0\u00bb500&Prime;][et_pb_row _builder_version=\u00a0\u00bb3.22.3&Prime;][et_pb_column type=\u00a0\u00bb4_4&Prime; _builder_version=\u00a0\u00bb3.0.47&Prime;][et_pb_text _builder_version=\u00a0\u00bb3.22.4&Prime; z_index_tablet=\u00a0\u00bb500&Prime;]Les clients trouveront l\u2019\u00e9tablissement en parfait \u00e9tat, les installations propres et tous les \u00e9l\u00e9ments fonctionnant correctement. \u00c0 leur arriv\u00e9e dans cet \u00e9tablissement, ils seront inform\u00e9s des r\u00e8gles d&rsquo;utilisation qui seront accept\u00e9s lors de la signature du formulaire d&rsquo;inscription.<\/p>\n<ul>\n<li>Le client paiera le prix de son h\u00e9bergement au moment de son arriv\u00e9e (en esp\u00e8ces) et remplira les formulaires d&rsquo;inscription demand\u00e9s par le propri\u00e9taire.<\/li>\n<li>Les clients suivront les horaires \u00e9tablis pour l&rsquo;occupation et l&rsquo;abandon de la maison, en consultant les propri\u00e9taires dans tous les cas concernant les d\u00e9lais.<\/li>\n<li>La vaisselle et les ustensiles de cuisine doivent \u00eatre laiss\u00e9s propres et correctement plac\u00e9s \u00e0 la place correspondante.<\/li>\n<li>LES INSTALLATIONS SERONT MAINTENUES EN PARFAITE \u00c9TAT, CHAQUE OBJET DANS SON EMPLACEMENT ORIGINAL. En cas de dommage, CELA SERA COMMUNIQU\u00c9 AUX TITULAIRES DE LA MAISON.<\/li>\n<li>Les clients sont responsables de la bonne fermeture de la maison en leur absence.<\/li>\n<li>Il est interdit de cuisiner dans la chemin\u00e9e.<\/li>\n<li>Les ustensiles de la terrasse ne seront pas utilis\u00e9s \u00e0 l&rsquo;int\u00e9rieur de la maison ou inversement.<\/li>\n<li>Dans le cas o\u00f9 les clients apportent des chiens \/ chats, ils doivent payer une caution de 50 \u20ac \u00e0 l&rsquo;arriv\u00e9e. Ils sont responsables de que l&rsquo;animal ne soit pas laiss\u00e9 seul dans la grotte (vous devez emmener l&rsquo;animal \u00e0 toutes les sorties faites), qu&rsquo;il ne grimpe pas sur les meubles, les lits, le canap\u00e9 et\u00a0 qu&rsquo;il ne salit pas la maison avec leurs excr\u00e9ments ou leur urine ou provoque des dommages aux installations. Il faut ramasser les excr\u00e9ments de vos animaux domestiques en cas de qu&rsquo;ils les d\u00e9posent dans les parties communes comme la terrasse. En cas de dommage, le client devra payer les frais des d\u00e9g\u00e2ts. Les clients seront les seuls responsables de la responsabilit\u00e9 civile \u00e9ventuelle qui leur animal de compagnie puisse d\u00e9couler en justice des tiers personnes. Les clients disposeront des formulaires de r\u00e9clamation pour pouvoir enregistrer leurs r\u00e9clamations.<\/li>\n<li>Les clients auront \u00e0 tout moment \u00e0 leur disposition les d\u00e9tenteurs de l&rsquo;\u00e9tablissement pour tout type de consultation ou de demande.<\/li>\n<li>Dans le cas de l\u2019utilisation des v\u00e9los, les clients les auront en parfait \u00e9tat de fonctionnement et de m\u00e9canique. L&rsquo;usage de ces v\u00e9los devra \u00eatre rationnel et s\u00fbr, et le client sera le seul responsable dans tous les cas des actions et cons\u00e9quences d\u00e9riv\u00e9es de cet usage en regardant eux-m\u00eames et tiers personnes. Les propri\u00e9taires se r\u00e9servent le droit de v\u00e9rifier les installations avant le d\u00e9part des clients de l&rsquo;h\u00e9bergement pour assurer l&rsquo;int\u00e9grit\u00e9 et bon \u00e9tat des m\u00eames.<\/li>\n<li>Dans le cas o\u00f9 les clients, au cours du s\u00e9jour, d\u00e9cideraient de quitter leur h\u00e9bergement avant la date pr\u00e9vue, Cuevas el Torriblanco ne remboursera en aucun cas le montant de la diff\u00e9rence entre le contrat et le s\u00e9jour appr\u00e9ci\u00e9.<\/li>\n<li>Le logement sera occup\u00e9 uniquement et exclusivement par le nombre de personnes indiqu\u00e9 dans le formulaire d&rsquo;inscription, personnes dont l&rsquo;identit\u00e9 a \u00e9t\u00e9 enregistr\u00e9e \u00e0 l&rsquo;entr\u00e9e de la grotte.<\/li>\n<\/ul>\n<p>[\/et_pb_text][\/et_pb_column][\/et_pb_row][\/et_pb_section]<\/p>\n","protected":false},"excerpt":{"rendered":"<p>R\u00e8gles de la maison <nav aria-label=\"breadcrumbs\" class=\"rank-math-breadcrumb\"><p><span class=\"last\">Inicio<\/span><\/p><\/nav>Les clients trouveront l\u2019\u00e9tablissement en parfait \u00e9tat, les installations propres et tous les \u00e9l\u00e9ments fonctionnant correctement. \u00c0 leur arriv\u00e9e dans cet \u00e9tablissement, ils seront inform\u00e9s des r\u00e8gles d&rsquo;utilisation qui seront accept\u00e9s lors de la signature du formulaire d&rsquo;inscription. Le client paiera le prix de son h\u00e9bergement au moment de son arriv\u00e9e [&hellip;]<\/p>\n","protected":false},"author":1,"featured_media":0,"parent":0,"menu_order":0,"comment_status":"closed","ping_status":"closed","template":"","meta":{"_et_pb_use_builder":"on","_et_pb_old_content":"","_et_gb_content_width":"","footnotes":""},"class_list":["post-1993","page","type-page","status-publish","hentry"],"_links":{"self":[{"href":"https:\/\/cuevaseltorriblanco.com\/fr\/wp-json\/wp\/v2\/pages\/1993","targetHints":{"allow":["GET"]}}],"collection":[{"href":"https:\/\/cuevaseltorriblanco.com\/fr\/wp-json\/wp\/v2\/pages"}],"about":[{"href":"https:\/\/cuevaseltorriblanco.com\/fr\/wp-json\/wp\/v2\/types\/page"}],"author":[{"embeddable":true,"href":"https:\/\/cuevaseltorriblanco.com\/fr\/wp-json\/wp\/v2\/users\/1"}],"replies":[{"embeddable":true,"href":"https:\/\/cuevaseltorriblanco.com\/fr\/wp-json\/wp\/v2\/comments?post=1993"}],"version-history":[{"count":0,"href":"https:\/\/cuevaseltorriblanco.com\/fr\/wp-json\/wp\/v2\/pages\/1993\/revisions"}],"wp:attachment":[{"href":"https:\/\/cuevaseltorriblanco.com\/fr\/wp-json\/wp\/v2\/media?parent=1993"}],"curies":[{"name":"wp","href":"https:\/\/api.w.org\/{rel}","templated":true}]}}