{"id":1995,"date":"2019-05-28T10:54:30","date_gmt":"2019-05-28T08:54:30","guid":{"rendered":"https:\/\/cuevaseltorriblanco.com\/arrivee-et-enregistrement\/"},"modified":"2025-09-05T10:29:53","modified_gmt":"2025-09-05T08:29:53","slug":"arrivee-et-enregistrement","status":"publish","type":"page","link":"https:\/\/cuevaseltorriblanco.com\/fr\/arrivee-et-enregistrement\/","title":{"rendered":"Arriv\u00e9e et enregistrement"},"content":{"rendered":"<p>[et_pb_section fb_built=\u00a0\u00bb1&Prime; admin_label=\u00a0\u00bbHeader\u00a0\u00bb module_class=\u00a0\u00bbseccion seccion-blog portada-blog\u00a0\u00bb _builder_version=\u00a0\u00bb4.16&Prime; background_color=\u00a0\u00bb#ffc857&Prime; inner_width_tablet=\u00a0\u00bb50px\u00a0\u00bb inner_max_width_tablet=\u00a0\u00bb50px\u00a0\u00bb custom_padding=\u00a0\u00bb2vw|0px|2vw|0px\u00a0\u00bb z_index_tablet=\u00a0\u00bb500&Prime; box_shadow_style=\u00a0\u00bbpreset3&Prime; box_shadow_horizontal=\u00a0\u00bb2px\u00a0\u00bb global_colors_info=\u00a0\u00bb{}\u00a0\u00bb][et_pb_row _builder_version=\u00a0\u00bb4.16&Prime; global_colors_info=\u00a0\u00bb{}\u00a0\u00bb][et_pb_column type=\u00a0\u00bb4_4&Prime; _builder_version=\u00a0\u00bb4.16&Prime; custom_padding=\u00a0\u00bb|||\u00a0\u00bb global_colors_info=\u00a0\u00bb{}\u00a0\u00bb custom_padding__hover=\u00a0\u00bb|||\u00a0\u00bb][et_pb_text admin_label=\u00a0\u00bbT\u00edtulo \u00a0\u00bb _builder_version=\u00a0\u00bb4.16&Prime; header_font=\u00a0\u00bbRaleway|700|||||||\u00a0\u00bb header_font_size=\u00a0\u00bb80px\u00a0\u00bb header_line_height=\u00a0\u00bb1.2em\u00a0\u00bb header_5_font=\u00a0\u00bbRaleway|700||on|||||\u00a0\u00bb header_5_text_color=\u00a0\u00bb#000000&Prime; header_5_font_size=\u00a0\u00bb20px\u00a0\u00bb header_5_letter_spacing=\u00a0\u00bb0.5em\u00a0\u00bb header_5_line_height=\u00a0\u00bb1.8em\u00a0\u00bb header_font_size_tablet=\u00a0\u00bb48px\u00a0\u00bb header_font_size_phone=\u00a0\u00bb32px\u00a0\u00bb header_font_size_last_edited=\u00a0\u00bbon|phone\u00a0\u00bb header_5_font_size_tablet=\u00a0\u00bb14px\u00a0\u00bb header_5_font_size_phone=\u00a0\u00bb12px\u00a0\u00bb header_5_font_size_last_edited=\u00a0\u00bbon|desktop\u00a0\u00bb z_index_tablet=\u00a0\u00bb500&Prime; global_colors_info=\u00a0\u00bb{}\u00a0\u00bb]<\/p>\n<h1>Arriv\u00e9e et enregistrement<\/h1>\n<p>[\/et_pb_text][et_pb_code _builder_version=\u00a0\u00bb4.16&Prime; z_index_tablet=\u00a0\u00bb500&Prime; global_colors_info=\u00a0\u00bb{}\u00a0\u00bb]<pee><nav aria-label=\"breadcrumbs\" class=\"rank-math-breadcrumb\"><p><span class=\"last\">Inicio<\/span><\/p><\/nav><\/pee>[\/et_pb_code][\/et_pb_column][\/et_pb_row][\/et_pb_section][et_pb_section fb_built=\u00a0\u00bb1&Prime; admin_label=\u00a0\u00bbBlog\u00a0\u00bb module_class=\u00a0\u00bbseccion seccion-blog contenido-blog\u00a0\u00bb _builder_version=\u00a0\u00bb4.16&Prime; background_color=\u00a0\u00bb#ffffff\u00a0\u00bb max_width=\u00a0\u00bb100%\u00a0\u00bb max_width_tablet=\u00a0\u00bb\u00a0\u00bb max_width_phone=\u00a0\u00bb\u00a0\u00bb max_width_last_edited=\u00a0\u00bbon|desktop\u00a0\u00bb inner_width_tablet=\u00a0\u00bb50px\u00a0\u00bb inner_max_width_tablet=\u00a0\u00bb50px\u00a0\u00bb z_index_tablet=\u00a0\u00bb500&Prime; border_color_all=\u00a0\u00bb#ffffff\u00a0\u00bb border_width_left=\u00a0\u00bb10vw\u00a0\u00bb global_colors_info=\u00a0\u00bb{}\u00a0\u00bb][et_pb_row _builder_version=\u00a0\u00bb4.16&Prime; global_colors_info=\u00a0\u00bb{}\u00a0\u00bb][et_pb_column type=\u00a0\u00bb4_4&Prime; _builder_version=\u00a0\u00bb4.16&Prime; custom_padding=\u00a0\u00bb|||\u00a0\u00bb global_colors_info=\u00a0\u00bb{}\u00a0\u00bb custom_padding__hover=\u00a0\u00bb|||\u00a0\u00bb][et_pb_text _builder_version=\u00a0\u00bb4.16&Prime; z_index_tablet=\u00a0\u00bb500&Prime; global_colors_info=\u00a0\u00bb{}\u00a0\u00bb]<\/p>\n<h2><strong>Arriv\u00e9e et enregistrement<\/strong><\/h2>\n<p><\/p>\n<p>Assurez-vous de bien nous informer de l&rsquo;heure approximative de votre arriv\u00e9e et de tout retard ou changement de l&rsquo;heure approximative de votre arriv\u00e9e afin de planifier votre enregistrement. La personne de contact vous donnera la cl\u00e9 et toutes les informations dont vous avez besoin pendant votre s\u00e9jour. Votre grotte sera disponible pour l&rsquo;enregistrement \u00e0 partir de 16h00 le jour de votre arriv\u00e9e et jusqu&rsquo;\u00e0 22h00. Si vous devez entrer avant ou apr\u00e8s les heures disponibles pour l&rsquo;enregistrement, vous devez communiquer par email ou par t\u00e9l\u00e9phone \u00e0 la personne de contact au moins 3 jours avant l&rsquo;arriv\u00e9e. L\u2019acceptation ou non de votre demande sera communiqu\u00e9e \u00e0 la m\u00eame adresse \u00e9lectronique que celle avec la demande a \u00e9t\u00e9 faite.<\/p>\n<p><\/p>\n<h2><strong>D\u00e9parts et check-out<\/strong><\/h2>\n<p><\/p>\n<p>Les d\u00e9parts se font de 10h00 \u00e0 11h00. Si vous devez partir plus tard, veuillez le communiquer \u00e0 votre personne de contact au moment de la r\u00e9servation. Tout d\u00e9part apr\u00e8s 11h00 est factur\u00e9 le plein tarif par nuit. Le d\u00e9part tardif sera toujours soumis \u00e0 disponibilit\u00e9 et \u00e0 l&rsquo;acceptation du propri\u00e9taire. S&rsquo;il vous pla\u00eet, donnez les cl\u00e9s \u00e0 votre personne de contact et assurez-vous d&rsquo;avoir tout votre bagage.<\/p>\n<p>[\/et_pb_text][\/et_pb_column][\/et_pb_row][\/et_pb_section]<\/p>\n","protected":false},"excerpt":{"rendered":"<p>Arriv\u00e9e et enregistrement<nav aria-label=\"breadcrumbs\" class=\"rank-math-breadcrumb\"><p><span class=\"last\">Inicio<\/span><\/p><\/nav>Arriv\u00e9e et enregistrementAssurez-vous de bien nous informer de l&rsquo;heure approximative de votre arriv\u00e9e et de tout retard ou changement de l&rsquo;heure approximative de votre arriv\u00e9e afin de planifier votre enregistrement. La personne de contact vous donnera la cl\u00e9 et toutes les informations dont vous avez besoin pendant votre s\u00e9jour. Votre grotte sera disponible [&hellip;]<\/p>\n","protected":false},"author":1,"featured_media":0,"parent":0,"menu_order":0,"comment_status":"closed","ping_status":"closed","template":"","meta":{"_et_pb_use_builder":"on","_et_pb_old_content":"","_et_gb_content_width":"","footnotes":""},"class_list":["post-1995","page","type-page","status-publish","hentry"],"_links":{"self":[{"href":"https:\/\/cuevaseltorriblanco.com\/fr\/wp-json\/wp\/v2\/pages\/1995","targetHints":{"allow":["GET"]}}],"collection":[{"href":"https:\/\/cuevaseltorriblanco.com\/fr\/wp-json\/wp\/v2\/pages"}],"about":[{"href":"https:\/\/cuevaseltorriblanco.com\/fr\/wp-json\/wp\/v2\/types\/page"}],"author":[{"embeddable":true,"href":"https:\/\/cuevaseltorriblanco.com\/fr\/wp-json\/wp\/v2\/users\/1"}],"replies":[{"embeddable":true,"href":"https:\/\/cuevaseltorriblanco.com\/fr\/wp-json\/wp\/v2\/comments?post=1995"}],"version-history":[{"count":0,"href":"https:\/\/cuevaseltorriblanco.com\/fr\/wp-json\/wp\/v2\/pages\/1995\/revisions"}],"wp:attachment":[{"href":"https:\/\/cuevaseltorriblanco.com\/fr\/wp-json\/wp\/v2\/media?parent=1995"}],"curies":[{"name":"wp","href":"https:\/\/api.w.org\/{rel}","templated":true}]}}